{"id":1215,"date":"2018-10-17T14:44:50","date_gmt":"2018-10-17T14:44:50","guid":{"rendered":"https:\/\/www.chaletdelcarmen.com\/?page_id=1215"},"modified":"2019-09-23T17:49:05","modified_gmt":"2019-09-23T17:49:05","slug":"conosci-coyoacan","status":"publish","type":"page","link":"https:\/\/www.chaletdelcarmen.com\/it\/conosci-coyoacan\/","title":{"rendered":"Conosci Coyoacan"},"content":{"rendered":"<p>[vc_row css_animation=&#8221;&#8221; row_type=&#8221;row&#8221; use_row_as_full_screen_section=&#8221;no&#8221; type=&#8221;full_width&#8221; angled_section=&#8221;no&#8221; text_align=&#8221;left&#8221; background_image_as_pattern=&#8221;without_pattern&#8221; z_index=&#8221;&#8221;][vc_column width=&#8221;2\/3&#8243;][vc_column_text]<\/p>\n<h2>Musei e raccomandazioni<\/h2>\n<p>[\/vc_column_text][vc_empty_space][vc_column_text]Il quartiere di Coyoacan \u00e9 una zona con un vastissimo repertorio culturale, che comprende tutti i tipi de espressione sia artistica ed educativa che gastronomica. Si puo affermare, sensa ombra di dubbio, che l\u2019offerta culturale ed educativa di Coyoacan, senza essere la piu ricca, \u00e9 securamente la pi\u00fa ampia di latinoamerica, nonche iberoamerica, per ampiezza, estensione, quantita, varieta e qualita.[\/vc_column_text][vc_empty_space height=&#8221;20px&#8221;][vc_column_text]Certamente si tratta di un sito storico di grande rilevanza, culla e rifugio di piu o meno ilustri pensatori, politici, artisti e personalit\u00e1 della pi\u00fa svariata indole e provenienza, che percorsero e percorrono i suoi suggestivi angoli. Dallo Chalet si arriva, caminando a tre minuti ai Vivai di Coyoacan; luogo eccelente per facere sport, caminare, leggere o semplicemente rilassarsi.[\/vc_column_text][vc_empty_space height=&#8221;20px&#8221;][vc_column_text]A quattro minuti, il museo di Frida Khalo, i teatri El Habito, La Capilla e il teatro di Coyoacan; per quanto riguarda ristoranti, caff\u00e9 e bar, l\u2019offerta e ugualmente alta e molto varia.<br \/>\nA questo proposito, consultaci e con molto piacere le daremo tutte le informazioni.[\/vc_column_text][vc_empty_space height=&#8221;20px&#8221;][vc_column_text]A dodici minuti, approssimativamente e nella intersezioneci sono: mercato di Coyoacan &#8211; centro storico &#8211; metro di Coyoacan, Vivai di Coyoacan \u2013 centro di Arte Dramatica \u2013 Casa del Teatro \u2013 centro commerciale \u201cPlaza Coyoacan\u201d \u2013 museo di Leon Trotsky \u2013 Teatro Hugo Arg\u00fcelles \u2013 Cineteca Nazionale.[\/vc_column_text][vc_empty_space height=&#8221;20px&#8221;][vc_column_text]Nel raggio de quindici minuti a mezz\u2019ora c\u2019\u00e9 Plaza de la Conchita e Santa Catarina, la piscina Olimpica, il Centro Nazionale delle Arti, la Scuola Nazionale di Musica, la Scuola Superiori di Musica, i teatri: Coyoacan, Ramiro Jimenez e Foro Rodolfo Usigli; la bellissima via Francisco Sosa, l\u2019Istituto Italiano di Cultura \u00e8 l\u2019ufficio culturale dell\u2019Ambasciata d\u2019Italia in Messico, il centro culturale Los Talleres, la Casa de la Cultura di Coyoacan \u201cJesus Reyes Heroles\u201d: i musei: Nacional de la Acuarela, di Octavio Paz, il Anahuacalli di Diego Rivera, cosi come la sua casa museo.[\/vc_column_text][vc_empty_space height=&#8221;20px&#8221;][\/vc_column][vc_column width=&#8221;1\/3&#8243;][vc_single_image image=&#8221;412&#8243; img_size=&#8221;large&#8221; qode_css_animation=&#8221;&#8221;][vc_empty_space height=&#8221;20px&#8221;][vc_single_image image=&#8221;406&#8243; img_size=&#8221;large&#8221; qode_css_animation=&#8221;&#8221;][\/vc_column][\/vc_row][vc_row css_animation=&#8221;&#8221; row_type=&#8221;row&#8221; use_row_as_full_screen_section=&#8221;no&#8221; type=&#8221;full_width&#8221; angled_section=&#8221;no&#8221; text_align=&#8221;left&#8221; background_image_as_pattern=&#8221;without_pattern&#8221; css=&#8221;.vc_custom_1532122897343{padding-top: 50px !important;}&#8221; z_index=&#8221;&#8221;][vc_column width=&#8221;2\/3&#8243;][vc_single_image image=&#8221;409&#8243; img_size=&#8221;large&#8221; qode_css_animation=&#8221;&#8221;][vc_empty_space][vc_column_text]Siamo vicini al quertiere di San Angel; lungo il percorso si trova Instituto i Teatro Helenico, gli Salas Netzahualcoyotl, Ollin Yoliztli a la UNAM che \u00e9 parte di Coyoacan, con tutto splendore, richezza culturale e scientifica, insieme alla Piramide de Cuicuilco.[\/vc_column_text][vc_empty_space height=&#8221;20px&#8221;][vc_column_text]Da mezz\u2019ora a un\u2019ora di macchina per raggiungere l\u2019aeroporto internazionale di Citt\u00e1 dil Messico.[\/vc_column_text][vc_empty_space height=&#8221;20px&#8221;][vc_column_text]Il trasporto in Turibus \u00e9 il mijor servizio che si puo utilizzare per conosere i principale siti di interese della zona sud della citt\u00e1; la fermata \u00e9 a cinque isolati, di fronte el museo di Frida Khalo.[\/vc_column_text][vc_empty_space height=&#8221;20px&#8221;][vc_column_text]Altra opzione \u00e9 prendere un tranv\u00eda tur\u00edstico, per conoscere tutti gli angoli pieni di storia e legenda del quartiere di Coyoacan; partenza dal plaza centrale di Coyoacan; raccomandiamo escursione notturne per non perder\u00e9 i luoghi dove sorsero li pi\u00fa famose leggende del luogo.[\/vc_column_text][vc_empty_space height=&#8221;20px&#8221;][\/vc_column][vc_column width=&#8221;1\/3&#8243;][vc_single_image image=&#8221;407&#8243; img_size=&#8221;large&#8221; qode_css_animation=&#8221;&#8221;][vc_empty_space height=&#8221;20px&#8221;][vc_single_image image=&#8221;145&#8243; img_size=&#8221;large&#8221; qode_css_animation=&#8221;&#8221;][\/vc_column][\/vc_row][vc_row css_animation=&#8221;&#8221; row_type=&#8221;row&#8221; use_row_as_full_screen_section=&#8221;no&#8221; type=&#8221;grid&#8221; angled_section=&#8221;no&#8221; text_align=&#8221;left&#8221; background_image_as_pattern=&#8221;without_pattern&#8221; padding_top=&#8221;60&#8243; z_index=&#8221;&#8221;][vc_column width=&#8221;1\/3&#8243;]<div class='q_icon_with_title medium circle center '><div class=\"icon_holder \" style=\" \"><span data-icon-type=\"circle\" data-icon-hover-color=\"#ffffff\"  class=\"qode_iwt_icon_holder fa-stack fa-3x  \" style=\"border-color: #b19f6a;\"><i class=\"qode_icon_font_awesome fa fa-check qode_iwt_icon_element\" style=\"color: #b19f6a;\" ><\/i><\/span><\/div><div class=\"icon_text_holder\" style=\"\"><div class=\"icon_text_inner\" style=\"\"><h4 class=\"icon_title\" style=\"font-weight: 700;\">Prenota ora<\/h4><p style=''><\/p><a itemprop='url' class='icon_with_title_link' href='#' target='_self' style='color: #b19f6a;'>+ info<\/a><\/div><\/div><\/div>[\/vc_column][vc_column width=&#8221;1\/3&#8243;]<div class='q_icon_with_title medium circle center '><div class=\"icon_holder \" style=\" \"><a itemprop=\"url\" href=\"https:\/\/www.chaletdelcarmen.com\/it\/suites-e-camere\/\" target=\"\" class=\"q_icon_link\"><span data-icon-type=\"circle\" data-icon-hover-color=\"#ffffff\"  class=\"qode_iwt_icon_holder fa-stack fa-3x  \" style=\"border-color: #b19f6a;\"><i class=\"qode_icon_font_awesome fa fa-bed qode_iwt_icon_element\" style=\"color: #b19f6a;\" ><\/i><\/span><\/a><\/div><div class=\"icon_text_holder\" style=\"\"><div class=\"icon_text_inner\" style=\"\"><h4 class=\"icon_title\" style=\"font-weight: 700;\">Suites &amp; Rooms<\/h4><p style=''><\/p><a itemprop='url' class='icon_with_title_link' href='https:\/\/www.chaletdelcarmen.com\/it\/suites-e-camere\/' target='_self' style='color: #b19f6a;'>+ info<\/a><\/div><\/div><\/div>[\/vc_column][vc_column width=&#8221;1\/3&#8243;]<div class='q_icon_with_title medium circle center '><div class=\"icon_holder \" style=\" \"><a itemprop=\"url\" href=\"\/certificado-de-cumplimiento-ambiental\/\" target=\"\" class=\"q_icon_link\"><span data-icon-type=\"circle\" data-icon-hover-color=\"#ffffff\"  class=\"qode_iwt_icon_holder fa-stack fa-3x  \" style=\"border-color: #b19f6a;\"><i class=\"qode_icon_font_awesome fa fa-star qode_iwt_icon_element\" style=\"color: #b19f6a;\" ><\/i><\/span><\/a><\/div><div class=\"icon_text_holder\" style=\"\"><div class=\"icon_text_inner\" style=\"\"><h4 class=\"icon_title\" style=\"font-weight: 700;\">Certificato<\/h4><p style=''>di conformit\u00e1 ambientale<\/p><a itemprop='url' class='icon_with_title_link' href='\/certificado-de-cumplimiento-ambiental\/' target='_self' style='color: #b19f6a;'>+ info<\/a><\/div><\/div><\/div>[\/vc_column][\/vc_row][vc_row css_animation=&#8221;&#8221; row_type=&#8221;row&#8221; use_row_as_full_screen_section=&#8221;no&#8221; type=&#8221;full_width&#8221; angled_section=&#8221;no&#8221; text_align=&#8221;left&#8221; background_image_as_pattern=&#8221;without_pattern&#8221;][vc_column][vc_separator type=&#8221;normal&#8221; color=&#8221;#6a2a1f&#8221; up=&#8221;20&#8243; down=&#8221;20&#8243;][\/vc_column][\/vc_row][vc_row css_animation=&#8221;&#8221; row_type=&#8221;row&#8221; use_row_as_full_screen_section=&#8221;no&#8221; type=&#8221;grid&#8221; angled_section=&#8221;no&#8221; text_align=&#8221;center&#8221; background_image_as_pattern=&#8221;without_pattern&#8221; padding_top=&#8221;60&#8243; padding_bottom=&#8221;60&#8243; z_index=&#8221;&#8221;][vc_column][vc_column_text]<\/p>\n<h3><span class=\"s1\">\u00c8 inoltre possibile prenotare:<\/span><\/h3>\n<p>[\/vc_column_text][vc_empty_space height=&#8221;35px&#8221;][vc_row_inner row_type=&#8221;row&#8221; type=&#8221;full_width&#8221; text_align=&#8221;left&#8221; css_animation=&#8221;&#8221;][vc_column_inner width=&#8221;1\/6&#8243; offset=&#8221;vc_col-xs-6&#8243;][vc_single_image image=&#8221;100&#8243; img_size=&#8221;large&#8221; alignment=&#8221;center&#8221; onclick=&#8221;custom_link&#8221; img_link_target=&#8221;_blank&#8221; qode_css_animation=&#8221;&#8221; link=&#8221;https:\/\/www.airbnb.mx\/rooms\/3874727?s=G_oX&#8221;][vc_empty_space height=&#8221;15px&#8221;][\/vc_column_inner][vc_column_inner width=&#8221;1\/6&#8243; offset=&#8221;vc_col-xs-6&#8243;][vc_single_image image=&#8221;102&#8243; img_size=&#8221;large&#8221; alignment=&#8221;center&#8221; onclick=&#8221;custom_link&#8221; img_link_target=&#8221;_blank&#8221; qode_css_animation=&#8221;&#8221; link=&#8221;https:\/\/www.booking.com\/hotel\/mx\/chalet-del-carmen-coyoacan.es.html?sid=121ac2517eb85786db16779c845c80d0;dcid=4;dist=0;group_adults=2;room1=A,A;sb_price_type=total;srfid=3e8bdc92bc944017237793a35cf221695b51c557X19;type=total;ucfs=1&amp;&#8221;][vc_empty_space height=&#8221;15px&#8221;][\/vc_column_inner][vc_column_inner width=&#8221;1\/6&#8243; offset=&#8221;vc_col-xs-6&#8243;][vc_single_image image=&#8221;104&#8243; img_size=&#8221;large&#8221; alignment=&#8221;center&#8221; onclick=&#8221;custom_link&#8221; img_link_target=&#8221;_blank&#8221; qode_css_animation=&#8221;&#8221; link=&#8221;https:\/\/www.despegar.com.mx\/search\/hotel\/4474\/2015-09-24\/2015-09-26\/2?from=SB&amp;hotelOid=561859&amp;fromDetail=true&amp;trackFrom=hotel&#8221;][vc_empty_space height=&#8221;15px&#8221;][\/vc_column_inner][vc_column_inner width=&#8221;1\/6&#8243; offset=&#8221;vc_col-xs-6&#8243;][vc_single_image image=&#8221;106&#8243; img_size=&#8221;large&#8221; alignment=&#8221;center&#8221; onclick=&#8221;custom_link&#8221; img_link_target=&#8221;_blank&#8221; qode_css_animation=&#8221;&#8221; link=&#8221;https:\/\/www.trivago.com.mx\/?iPathId=51247&amp;bDispMoreFilter=false&amp;iSlideOutItem=3223692&amp;aDateRange`{`arr`}`=2015-10-11&amp;aDateRange`{`dep`}`=2015-10-12&amp;aCategoryRange=0,1,2,3,4,5&amp;iRoomType=7&amp;sOrderBy=relevance%20desc&amp;aPartner=&amp;aOverallLiking=1,2,3,4,5&amp;iGeoDistanceLimit=20000&amp;iOffset=0&amp;iIncludeAll=0&amp;bTopDealsOnly=false&amp;iViewType=0&amp;aPriceRange`{`from`}`=0&amp;aPriceRange`{`to`}`=0&amp;iGeoDistanceItem=3223692&amp;aGeoCode`{`lng`}`=-99.115089&amp;aGeoCode`{`lat`}`=19.340511&amp;bIsSeoPage=false&amp;mgo=false&amp;bHotelTestContext=false&amp;th=false&amp;aHotelTestClassifier=&amp;bSharedRooms=false&amp;bIsSitemap=false&amp;rp=&amp;sSemKeywordInfo=&amp;tgs=322369202&amp;bRecommendedItem=false&amp;iFilterTab=0&amp;&#8221;][vc_empty_space height=&#8221;15px&#8221;][\/vc_column_inner][vc_column_inner width=&#8221;1\/6&#8243; offset=&#8221;vc_col-xs-6&#8243;][vc_single_image image=&#8221;108&#8243; img_size=&#8221;large&#8221; alignment=&#8221;center&#8221; onclick=&#8221;custom_link&#8221; img_link_target=&#8221;_blank&#8221; qode_css_animation=&#8221;&#8221; link=&#8221;https:\/\/www.tripadvisor.com.mx\/Hotel_Review-g150800-d3291226-Reviews-Chalet_del_Carmen-Mexico_City_Central_Mexico_and_Gulf_Coast.html&#8221;][vc_empty_space height=&#8221;15px&#8221;][\/vc_column_inner][vc_column_inner width=&#8221;1\/6&#8243; offset=&#8221;vc_col-xs-6&#8243;][vc_single_image image=&#8221;110&#8243; img_size=&#8221;large&#8221; alignment=&#8221;center&#8221; onclick=&#8221;custom_link&#8221; img_link_target=&#8221;_blank&#8221; qode_css_animation=&#8221;&#8221; link=&#8221;https:\/\/www.expedia.mx\/Mexico-City-Hoteles-Chalet-Del-Carmen-Coyoacan.h20393109.Informacion-Hotel?chkin=07%2F11%2F2017&amp;chkout=08%2F11%2F2017&amp;rm1=a2&amp;regionId=0&amp;hwrqCacheKey=76bc08a4-aceb-48b6-8b00-60f98e6134e3HWRQ1510070541247&amp;vip=false&amp;c=cfe57f9e-883b-4caf-985f-4d5e17487b1b&amp;&#8221;][vc_empty_space height=&#8221;15px&#8221;][\/vc_column_inner][\/vc_row_inner][\/vc_column][\/vc_row]<\/p>\n","protected":false},"excerpt":{"rendered":"<p>[vc_row css_animation=&#8221;&#8221; row_type=&#8221;row&#8221; use_row_as_full_screen_section=&#8221;no&#8221; type=&#8221;full_width&#8221; angled_section=&#8221;no&#8221; text_align=&#8221;left&#8221; background_image_as_pattern=&#8221;without_pattern&#8221; z_index=&#8221;&#8221;][vc_column width=&#8221;2\/3&#8243;][vc_column_text] Musei e raccomandazioni [\/vc_column_text][vc_empty_space][vc_column_text]Il quartiere di Coyoacan \u00e9 una zona con un vastissimo repertorio culturale, che comprende tutti i tipi de espressione sia artistica ed educativa che gastronomica. Si puo affermare, sensa ombra di dubbio,&#8230;<\/p>\n","protected":false},"author":1,"featured_media":0,"parent":0,"menu_order":0,"comment_status":"closed","ping_status":"closed","template":"","meta":[],"yoast_head":"<!-- This site is optimized with the Yoast SEO plugin v20.5 - https:\/\/yoast.com\/wordpress\/plugins\/seo\/ -->\n<title>Conosci Coyoacan - Chalet del Carmen Coyoac\u00e1n<\/title>\n<meta name=\"robots\" content=\"index, follow, max-snippet:-1, max-image-preview:large, max-video-preview:-1\" \/>\n<link rel=\"canonical\" href=\"https:\/\/www.chaletdelcarmen.com\/it\/conosci-coyoacan\/\" \/>\n<meta property=\"og:locale\" content=\"it_IT\" \/>\n<meta property=\"og:type\" content=\"article\" \/>\n<meta property=\"og:title\" content=\"Conosci Coyoacan - Chalet del Carmen Coyoac\u00e1n\" \/>\n<meta property=\"og:description\" content=\"[vc_row css_animation=&#8221;&#8221; row_type=&#8221;row&#8221; use_row_as_full_screen_section=&#8221;no&#8221; type=&#8221;full_width&#8221; angled_section=&#8221;no&#8221; text_align=&#8221;left&#8221; background_image_as_pattern=&#8221;without_pattern&#8221; z_index=&#8221;&#8221;][vc_column width=&#8221;2\/3&#8243;][vc_column_text] Musei e raccomandazioni [\/vc_column_text][vc_empty_space][vc_column_text]Il quartiere di Coyoacan \u00e9 una zona con un vastissimo repertorio culturale, che comprende tutti i tipi de espressione sia artistica ed educativa che gastronomica. Si puo affermare, sensa ombra di dubbio,...\" \/>\n<meta property=\"og:url\" content=\"https:\/\/www.chaletdelcarmen.com\/it\/conosci-coyoacan\/\" \/>\n<meta property=\"og:site_name\" content=\"Chalet del Carmen Coyoac\u00e1n\" \/>\n<meta property=\"article:publisher\" content=\"https:\/\/www.facebook.com\/Chalet-de-Carmen-835266423225776\/\" \/>\n<meta property=\"article:modified_time\" content=\"2019-09-23T17:49:05+00:00\" \/>\n<meta name=\"twitter:card\" content=\"summary_large_image\" \/>\n<meta name=\"twitter:site\" content=\"@ChaletdelCarmen\" \/>\n<meta name=\"twitter:label1\" content=\"Tempo di lettura stimato\" \/>\n\t<meta name=\"twitter:data1\" content=\"7 minuti\" \/>\n<script type=\"application\/ld+json\" class=\"yoast-schema-graph\">{\"@context\":\"https:\/\/schema.org\",\"@graph\":[{\"@type\":\"WebPage\",\"@id\":\"https:\/\/www.chaletdelcarmen.com\/it\/conosci-coyoacan\/\",\"url\":\"https:\/\/www.chaletdelcarmen.com\/it\/conosci-coyoacan\/\",\"name\":\"Conosci Coyoacan - Chalet del Carmen Coyoac\u00e1n\",\"isPartOf\":{\"@id\":\"https:\/\/www.chaletdelcarmen.com\/#website\"},\"datePublished\":\"2018-10-17T14:44:50+00:00\",\"dateModified\":\"2019-09-23T17:49:05+00:00\",\"inLanguage\":\"it-IT\",\"potentialAction\":[{\"@type\":\"ReadAction\",\"target\":[\"https:\/\/www.chaletdelcarmen.com\/it\/conosci-coyoacan\/\"]}]},{\"@type\":\"WebSite\",\"@id\":\"https:\/\/www.chaletdelcarmen.com\/#website\",\"url\":\"https:\/\/www.chaletdelcarmen.com\/\",\"name\":\"Chalet del Carmen Coyoac\u00e1n\",\"description\":\"Vivienda Ecol\u00f3gica y Sustentable de Arrendamiento Urbano\u00ae\",\"potentialAction\":[{\"@type\":\"SearchAction\",\"target\":{\"@type\":\"EntryPoint\",\"urlTemplate\":\"https:\/\/www.chaletdelcarmen.com\/?s={search_term_string}\"},\"query-input\":\"required name=search_term_string\"}],\"inLanguage\":\"it-IT\"}]}<\/script>\n<!-- \/ Yoast SEO plugin. -->","yoast_head_json":{"title":"Conosci Coyoacan - Chalet del Carmen Coyoac\u00e1n","robots":{"index":"index","follow":"follow","max-snippet":"max-snippet:-1","max-image-preview":"max-image-preview:large","max-video-preview":"max-video-preview:-1"},"canonical":"https:\/\/www.chaletdelcarmen.com\/it\/conosci-coyoacan\/","og_locale":"it_IT","og_type":"article","og_title":"Conosci Coyoacan - Chalet del Carmen Coyoac\u00e1n","og_description":"[vc_row css_animation=&#8221;&#8221; row_type=&#8221;row&#8221; use_row_as_full_screen_section=&#8221;no&#8221; type=&#8221;full_width&#8221; angled_section=&#8221;no&#8221; text_align=&#8221;left&#8221; background_image_as_pattern=&#8221;without_pattern&#8221; z_index=&#8221;&#8221;][vc_column width=&#8221;2\/3&#8243;][vc_column_text] Musei e raccomandazioni [\/vc_column_text][vc_empty_space][vc_column_text]Il quartiere di Coyoacan \u00e9 una zona con un vastissimo repertorio culturale, che comprende tutti i tipi de espressione sia artistica ed educativa che gastronomica. Si puo affermare, sensa ombra di dubbio,...","og_url":"https:\/\/www.chaletdelcarmen.com\/it\/conosci-coyoacan\/","og_site_name":"Chalet del Carmen Coyoac\u00e1n","article_publisher":"https:\/\/www.facebook.com\/Chalet-de-Carmen-835266423225776\/","article_modified_time":"2019-09-23T17:49:05+00:00","twitter_card":"summary_large_image","twitter_site":"@ChaletdelCarmen","twitter_misc":{"Tempo di lettura stimato":"7 minuti"},"schema":{"@context":"https:\/\/schema.org","@graph":[{"@type":"WebPage","@id":"https:\/\/www.chaletdelcarmen.com\/it\/conosci-coyoacan\/","url":"https:\/\/www.chaletdelcarmen.com\/it\/conosci-coyoacan\/","name":"Conosci Coyoacan - Chalet del Carmen Coyoac\u00e1n","isPartOf":{"@id":"https:\/\/www.chaletdelcarmen.com\/#website"},"datePublished":"2018-10-17T14:44:50+00:00","dateModified":"2019-09-23T17:49:05+00:00","inLanguage":"it-IT","potentialAction":[{"@type":"ReadAction","target":["https:\/\/www.chaletdelcarmen.com\/it\/conosci-coyoacan\/"]}]},{"@type":"WebSite","@id":"https:\/\/www.chaletdelcarmen.com\/#website","url":"https:\/\/www.chaletdelcarmen.com\/","name":"Chalet del Carmen Coyoac\u00e1n","description":"Vivienda Ecol\u00f3gica y Sustentable de Arrendamiento Urbano\u00ae","potentialAction":[{"@type":"SearchAction","target":{"@type":"EntryPoint","urlTemplate":"https:\/\/www.chaletdelcarmen.com\/?s={search_term_string}"},"query-input":"required name=search_term_string"}],"inLanguage":"it-IT"}]}},"_links":{"self":[{"href":"https:\/\/www.chaletdelcarmen.com\/it\/wp-json\/wp\/v2\/pages\/1215"}],"collection":[{"href":"https:\/\/www.chaletdelcarmen.com\/it\/wp-json\/wp\/v2\/pages"}],"about":[{"href":"https:\/\/www.chaletdelcarmen.com\/it\/wp-json\/wp\/v2\/types\/page"}],"author":[{"embeddable":true,"href":"https:\/\/www.chaletdelcarmen.com\/it\/wp-json\/wp\/v2\/users\/1"}],"replies":[{"embeddable":true,"href":"https:\/\/www.chaletdelcarmen.com\/it\/wp-json\/wp\/v2\/comments?post=1215"}],"version-history":[{"count":6,"href":"https:\/\/www.chaletdelcarmen.com\/it\/wp-json\/wp\/v2\/pages\/1215\/revisions"}],"predecessor-version":[{"id":1729,"href":"https:\/\/www.chaletdelcarmen.com\/it\/wp-json\/wp\/v2\/pages\/1215\/revisions\/1729"}],"wp:attachment":[{"href":"https:\/\/www.chaletdelcarmen.com\/it\/wp-json\/wp\/v2\/media?parent=1215"}],"curies":[{"name":"wp","href":"https:\/\/api.w.org\/{rel}","templated":true}]}}