{"id":1205,"date":"2018-10-16T22:48:52","date_gmt":"2018-10-16T22:48:52","guid":{"rendered":"https:\/\/www.chaletdelcarmen.com\/?page_id=1205"},"modified":"2020-01-13T15:33:10","modified_gmt":"2020-01-13T15:33:10","slug":"qual-e-lo-chalet","status":"publish","type":"page","link":"https:\/\/www.chaletdelcarmen.com\/it\/qual-e-lo-chalet\/","title":{"rendered":"Qual \u00e8 lo Chalet?"},"content":{"rendered":"<p>[vc_row css_animation=&#8221;&#8221; row_type=&#8221;row&#8221; use_row_as_full_screen_section=&#8221;no&#8221; type=&#8221;full_width&#8221; angled_section=&#8221;no&#8221; text_align=&#8221;left&#8221; background_image_as_pattern=&#8221;without_pattern&#8221;][vc_column width=&#8221;2\/3&#8243;][vc_column_text]<\/p>\n<h2>Chalet del Carmen Coyoac\u00e1n\u00ae<\/h2>\n<p>[\/vc_column_text][vc_column_text]<\/p>\n<h4>Registro en el Instituto Mexicano de la Propiedad Industrial (IMPI): 1856731<\/h4>\n<p>[\/vc_column_text][vc_empty_space][vc_column_text]Il\u00a0<strong>Chalet del Carmen Coyoac\u00e1n\u00ae<\/strong>\u00a0\u00c9 un concetto che nasce di la unione di una suizzera ed un messicano coyoacanense, anfitrioni per eccellenza, che decidono di aprire la porta della loro casa ai visitatori di tutto il mondo, con il fine di offrire uno Chalet che alterna l\u2019europeo con il messicano, con premesa di semplicita, praticita e calore e con standard di qualita europea.[\/vc_column_text][vc_empty_space height=&#8221;20px&#8221;][vc_column_text]<em>Lo Chalet \u00e9 anche una casa ecologica, dove siamo attentia all\u2019acqua, all\u2019illuminazione e ventilazione naturale in tutti gli spazi; abbiamo procedimenti di potabilizzazione e mineralizzaione di acqua corrente; utilizziamo l\u2019impianto solare per il rifornimento de nostri servizi, cosi come il fotovoltaico per generare elettricit\u00e1; facciamo raccolta differenciata.<\/em>[\/vc_column_text][vc_empty_space height=&#8221;20px&#8221;][vc_column_text]Lo <strong>Chalet del Carmen<\/strong> \u00e9 una residenza urbana, del t\u00edpico quartiere di Coyoacan; \u00e9 una costruzione con acceni liberty, di discrete dimensioni e ben inserito nella architettura urbana che lo circonda.[\/vc_column_text][vc_empty_space height=&#8221;20px&#8221;][\/vc_column][vc_column width=&#8221;1\/3&#8243;][vc_single_image image=&#8221;127&#8243; img_size=&#8221;large&#8221; qode_css_animation=&#8221;&#8221;][\/vc_column][\/vc_row][vc_row css_animation=&#8221;&#8221; row_type=&#8221;row&#8221; use_row_as_full_screen_section=&#8221;no&#8221; type=&#8221;full_width&#8221; angled_section=&#8221;no&#8221; text_align=&#8221;left&#8221; background_image_as_pattern=&#8221;without_pattern&#8221; css=&#8221;.vc_custom_1532121665138{padding-top: 50px !important;}&#8221; z_index=&#8221;&#8221;][vc_column width=&#8221;2\/3&#8243;][vc_column_text]Sono stati riadattati 2 appartamenti e 6 camere, ognuna con una propria personalit\u00e1 e caratteristica che dano una atmosfera molto particolare a lo Chalet; essendo situato in <strong>Coyoacan<\/strong>, luogo molto verde e un invito a conservare questi angoli di frescura.[\/vc_column_text][vc_empty_space height=&#8221;20px&#8221;][vc_column_text]La qualit\u00e1 dei servizi che offriamo \u00e9 attestada su uno standard di calorosa accoglienzae di respetto per la privacy e l\u2019individualit\u00e1 degli ospiti. Lavoriamo su un nuovo concetto che abbiamo definito Casa affitto stanze e suite in <strong><a href=\"\/vivienda-ecologica-y-sustentable-de-arrendamiento-urbano\/\"><span class=\"goog-text-highlight\">ecosostenibilit\u00e1 urbana\u00ae<\/span><\/a><\/strong><span class=\"goog-text-highlight\">\u00a0<\/span> Si.[\/vc_column_text][vc_empty_space height=&#8221;20px&#8221;][vc_column_text]Per la sicurezza dei nostre ospiti, contiamo con sistema di video sorveglianza, attivo 24 ore\/7 giorni; il nostro personale \u00e9 altamente qualificato per attendere il nostri ospiti in qualsiasi momento.[\/vc_column_text][vc_empty_space height=&#8221;40px&#8221;][\/vc_column][vc_column width=&#8221;1\/3&#8243;][vc_single_image image=&#8221;1792&#8243; img_size=&#8221;large&#8221; qode_css_animation=&#8221;&#8221;][\/vc_column][\/vc_row][vc_row css_animation=&#8221;&#8221; row_type=&#8221;row&#8221; use_row_as_full_screen_section=&#8221;no&#8221; type=&#8221;full_width&#8221; angled_section=&#8221;no&#8221; text_align=&#8221;left&#8221; background_image_as_pattern=&#8221;without_pattern&#8221; css=&#8221;.vc_custom_1532121365773{padding-top: 50px !important;}&#8221; z_index=&#8221;&#8221;][vc_column width=&#8221;2\/3&#8243;][vc_single_image image=&#8221;129&#8243; img_size=&#8221;large&#8221; qode_css_animation=&#8221;&#8221;][\/vc_column][vc_column width=&#8221;1\/3&#8243;][vc_single_image image=&#8221;130&#8243; img_size=&#8221;large&#8221; qode_css_animation=&#8221;&#8221;][\/vc_column][\/vc_row]<\/p>\n","protected":false},"excerpt":{"rendered":"<p>[vc_row css_animation=&#8221;&#8221; row_type=&#8221;row&#8221; use_row_as_full_screen_section=&#8221;no&#8221; type=&#8221;full_width&#8221; angled_section=&#8221;no&#8221; text_align=&#8221;left&#8221; background_image_as_pattern=&#8221;without_pattern&#8221;][vc_column width=&#8221;2\/3&#8243;][vc_column_text] Chalet del Carmen Coyoac\u00e1n\u00ae [\/vc_column_text][vc_column_text] Registro en el Instituto Mexicano de la Propiedad Industrial (IMPI): 1856731 [\/vc_column_text][vc_empty_space][vc_column_text]Il\u00a0Chalet del Carmen Coyoac\u00e1n\u00ae\u00a0\u00c9 un concetto che nasce di la unione di una suizzera ed un messicano coyoacanense, anfitrioni per&#8230;<\/p>\n","protected":false},"author":1,"featured_media":0,"parent":0,"menu_order":0,"comment_status":"closed","ping_status":"closed","template":"","meta":[],"yoast_head":"<!-- This site is optimized with the Yoast SEO plugin v20.5 - https:\/\/yoast.com\/wordpress\/plugins\/seo\/ -->\n<title>Qual \u00e8 lo Chalet? - Chalet del Carmen Coyoac\u00e1n<\/title>\n<meta name=\"robots\" content=\"index, follow, max-snippet:-1, max-image-preview:large, max-video-preview:-1\" \/>\n<link rel=\"canonical\" href=\"https:\/\/www.chaletdelcarmen.com\/it\/qual-e-lo-chalet\/\" \/>\n<meta property=\"og:locale\" content=\"it_IT\" \/>\n<meta property=\"og:type\" content=\"article\" \/>\n<meta property=\"og:title\" content=\"Qual \u00e8 lo Chalet? - Chalet del Carmen Coyoac\u00e1n\" \/>\n<meta property=\"og:description\" content=\"[vc_row css_animation=&#8221;&#8221; row_type=&#8221;row&#8221; use_row_as_full_screen_section=&#8221;no&#8221; type=&#8221;full_width&#8221; angled_section=&#8221;no&#8221; text_align=&#8221;left&#8221; background_image_as_pattern=&#8221;without_pattern&#8221;][vc_column width=&#8221;2\/3&#8243;][vc_column_text] Chalet del Carmen Coyoac\u00e1n\u00ae [\/vc_column_text][vc_column_text] Registro en el Instituto Mexicano de la Propiedad Industrial (IMPI): 1856731 [\/vc_column_text][vc_empty_space][vc_column_text]Il\u00a0Chalet del Carmen Coyoac\u00e1n\u00ae\u00a0\u00c9 un concetto che nasce di la unione di una suizzera ed un messicano coyoacanense, anfitrioni per...\" \/>\n<meta property=\"og:url\" content=\"https:\/\/www.chaletdelcarmen.com\/it\/qual-e-lo-chalet\/\" \/>\n<meta property=\"og:site_name\" content=\"Chalet del Carmen Coyoac\u00e1n\" \/>\n<meta property=\"article:publisher\" content=\"https:\/\/www.facebook.com\/Chalet-de-Carmen-835266423225776\/\" \/>\n<meta property=\"article:modified_time\" content=\"2020-01-13T15:33:10+00:00\" \/>\n<meta name=\"twitter:card\" content=\"summary_large_image\" \/>\n<meta name=\"twitter:site\" content=\"@ChaletdelCarmen\" \/>\n<meta name=\"twitter:label1\" content=\"Tempo di lettura stimato\" \/>\n\t<meta name=\"twitter:data1\" content=\"3 minuti\" \/>\n<script type=\"application\/ld+json\" class=\"yoast-schema-graph\">{\"@context\":\"https:\/\/schema.org\",\"@graph\":[{\"@type\":\"WebPage\",\"@id\":\"https:\/\/www.chaletdelcarmen.com\/it\/qual-e-lo-chalet\/\",\"url\":\"https:\/\/www.chaletdelcarmen.com\/it\/qual-e-lo-chalet\/\",\"name\":\"Qual \u00e8 lo Chalet? - Chalet del Carmen Coyoac\u00e1n\",\"isPartOf\":{\"@id\":\"https:\/\/www.chaletdelcarmen.com\/#website\"},\"datePublished\":\"2018-10-16T22:48:52+00:00\",\"dateModified\":\"2020-01-13T15:33:10+00:00\",\"inLanguage\":\"it-IT\",\"potentialAction\":[{\"@type\":\"ReadAction\",\"target\":[\"https:\/\/www.chaletdelcarmen.com\/it\/qual-e-lo-chalet\/\"]}]},{\"@type\":\"WebSite\",\"@id\":\"https:\/\/www.chaletdelcarmen.com\/#website\",\"url\":\"https:\/\/www.chaletdelcarmen.com\/\",\"name\":\"Chalet del Carmen Coyoac\u00e1n\",\"description\":\"Vivienda Ecol\u00f3gica y Sustentable de Arrendamiento Urbano\u00ae\",\"potentialAction\":[{\"@type\":\"SearchAction\",\"target\":{\"@type\":\"EntryPoint\",\"urlTemplate\":\"https:\/\/www.chaletdelcarmen.com\/?s={search_term_string}\"},\"query-input\":\"required name=search_term_string\"}],\"inLanguage\":\"it-IT\"}]}<\/script>\n<!-- \/ Yoast SEO plugin. -->","yoast_head_json":{"title":"Qual \u00e8 lo Chalet? - Chalet del Carmen Coyoac\u00e1n","robots":{"index":"index","follow":"follow","max-snippet":"max-snippet:-1","max-image-preview":"max-image-preview:large","max-video-preview":"max-video-preview:-1"},"canonical":"https:\/\/www.chaletdelcarmen.com\/it\/qual-e-lo-chalet\/","og_locale":"it_IT","og_type":"article","og_title":"Qual \u00e8 lo Chalet? - Chalet del Carmen Coyoac\u00e1n","og_description":"[vc_row css_animation=&#8221;&#8221; row_type=&#8221;row&#8221; use_row_as_full_screen_section=&#8221;no&#8221; type=&#8221;full_width&#8221; angled_section=&#8221;no&#8221; text_align=&#8221;left&#8221; background_image_as_pattern=&#8221;without_pattern&#8221;][vc_column width=&#8221;2\/3&#8243;][vc_column_text] Chalet del Carmen Coyoac\u00e1n\u00ae [\/vc_column_text][vc_column_text] Registro en el Instituto Mexicano de la Propiedad Industrial (IMPI): 1856731 [\/vc_column_text][vc_empty_space][vc_column_text]Il\u00a0Chalet del Carmen Coyoac\u00e1n\u00ae\u00a0\u00c9 un concetto che nasce di la unione di una suizzera ed un messicano coyoacanense, anfitrioni per...","og_url":"https:\/\/www.chaletdelcarmen.com\/it\/qual-e-lo-chalet\/","og_site_name":"Chalet del Carmen Coyoac\u00e1n","article_publisher":"https:\/\/www.facebook.com\/Chalet-de-Carmen-835266423225776\/","article_modified_time":"2020-01-13T15:33:10+00:00","twitter_card":"summary_large_image","twitter_site":"@ChaletdelCarmen","twitter_misc":{"Tempo di lettura stimato":"3 minuti"},"schema":{"@context":"https:\/\/schema.org","@graph":[{"@type":"WebPage","@id":"https:\/\/www.chaletdelcarmen.com\/it\/qual-e-lo-chalet\/","url":"https:\/\/www.chaletdelcarmen.com\/it\/qual-e-lo-chalet\/","name":"Qual \u00e8 lo Chalet? - Chalet del Carmen Coyoac\u00e1n","isPartOf":{"@id":"https:\/\/www.chaletdelcarmen.com\/#website"},"datePublished":"2018-10-16T22:48:52+00:00","dateModified":"2020-01-13T15:33:10+00:00","inLanguage":"it-IT","potentialAction":[{"@type":"ReadAction","target":["https:\/\/www.chaletdelcarmen.com\/it\/qual-e-lo-chalet\/"]}]},{"@type":"WebSite","@id":"https:\/\/www.chaletdelcarmen.com\/#website","url":"https:\/\/www.chaletdelcarmen.com\/","name":"Chalet del Carmen Coyoac\u00e1n","description":"Vivienda Ecol\u00f3gica y Sustentable de Arrendamiento Urbano\u00ae","potentialAction":[{"@type":"SearchAction","target":{"@type":"EntryPoint","urlTemplate":"https:\/\/www.chaletdelcarmen.com\/?s={search_term_string}"},"query-input":"required name=search_term_string"}],"inLanguage":"it-IT"}]}},"_links":{"self":[{"href":"https:\/\/www.chaletdelcarmen.com\/it\/wp-json\/wp\/v2\/pages\/1205"}],"collection":[{"href":"https:\/\/www.chaletdelcarmen.com\/it\/wp-json\/wp\/v2\/pages"}],"about":[{"href":"https:\/\/www.chaletdelcarmen.com\/it\/wp-json\/wp\/v2\/types\/page"}],"author":[{"embeddable":true,"href":"https:\/\/www.chaletdelcarmen.com\/it\/wp-json\/wp\/v2\/users\/1"}],"replies":[{"embeddable":true,"href":"https:\/\/www.chaletdelcarmen.com\/it\/wp-json\/wp\/v2\/comments?post=1205"}],"version-history":[{"count":5,"href":"https:\/\/www.chaletdelcarmen.com\/it\/wp-json\/wp\/v2\/pages\/1205\/revisions"}],"predecessor-version":[{"id":1812,"href":"https:\/\/www.chaletdelcarmen.com\/it\/wp-json\/wp\/v2\/pages\/1205\/revisions\/1812"}],"wp:attachment":[{"href":"https:\/\/www.chaletdelcarmen.com\/it\/wp-json\/wp\/v2\/media?parent=1205"}],"curies":[{"name":"wp","href":"https:\/\/api.w.org\/{rel}","templated":true}]}}