{"id":1559,"date":"2018-07-17T17:03:26","date_gmt":"2018-07-17T17:03:26","guid":{"rendered":"https:\/\/www.chaletdelcarmen.com\/suites-habitaciones\/"},"modified":"2023-12-26T19:42:30","modified_gmt":"2023-12-26T19:42:30","slug":"suites-et-chambres","status":"publish","type":"page","link":"https:\/\/www.chaletdelcarmen.com\/fr\/suites-et-chambres\/","title":{"rendered":"Suites et Chambres"},"content":{"rendered":"<p>[vc_row css_animation=\u00a0\u00bb\u00a0\u00bb row_type=\u00a0\u00bbrow\u00a0\u00bb use_row_as_full_screen_section=\u00a0\u00bbno\u00a0\u00bb type=\u00a0\u00bbfull_width\u00a0\u00bb angled_section=\u00a0\u00bbno\u00a0\u00bb text_align=\u00a0\u00bbleft\u00a0\u00bb background_image_as_pattern=\u00a0\u00bbwithout_pattern\u00a0\u00bb][vc_column][vc_row_inner row_type=\u00a0\u00bbrow\u00a0\u00bb type=\u00a0\u00bbfull_width\u00a0\u00bb text_align=\u00a0\u00bbleft\u00a0\u00bb css_animation=\u00a0\u00bb\u00a0\u00bb][vc_column_inner width=\u00a0\u00bb1\/6&Prime;][\/vc_column_inner][vc_column_inner width=\u00a0\u00bb2\/3&Prime;]<div class='q_icon_with_title tiny circle center '><div class=\"icon_holder \" style=\" \"><span data-icon-type=\"circle\" data-icon-hover-color=\"#ffffff\"  class=\"qode_iwt_icon_holder fa-stack fa-lg  \" style=\"border-color: #59b473;background-color: #59b473;\"><i class=\"qode_icon_font_awesome fa fa-wheelchair qode_iwt_icon_element\" style=\"color: #ffffff;\" ><\/i><\/span><\/div><div class=\"icon_text_holder\" style=\"\"><div class=\"icon_text_inner\" style=\"\"><h5 class=\"icon_title\" style=\"\">La Suite Cameli\u00e8 est accessible aux personnes \u00e0 mobilit\u00e9 r\u00e9duite.<\/h5><p style=''><\/p><\/div><\/div><\/div>[vc_empty_space height=\u00a0\u00bb10px\u00a0\u00bb][vc_column_text][\/vc_column_text][vc_empty_space height=\u00a0\u00bb10px\u00a0\u00bb][vc_column_text]<\/p>\n<p style=\"text-align: center;\">Chacune de nos chambres a e\u0301te\u0301 pense\u0301, conc\u0327ue et adapte\u0301e a\u0300 un environnement e\u0301cologique, en tenant compte du confort souhaite\u0301 par nos visiteurs. Profitez d&rsquo;un he\u0301bergement entie\u0300rement conc\u0327u pour votre repos, votre confort et votre fonctionnalite\u0301<\/p>\n<p>[\/vc_column_text][\/vc_column_inner][vc_column_inner width=\u00a0\u00bb1\/6&Prime;][\/vc_column_inner][\/vc_row_inner][vc_empty_space]<div class='projects_holder_outer v3 portfolio_with_space portfolio_standard'>\n        <div class='projects_holder portfolio_main_holder clearfix v3 standard portfolio_full_image portfolio_one_by_one'>\n        \n        <article class='mix portfolio_category_36 default' style=''>\n    \n    \n    \n    \n            <div class=\"item_holder thin_plus_only\">\n\n                    <div class=\"text_holder\">\n        <div class=\"text_holder_outer\">\n            <div class=\"text_holder_inner\">\n                            <span class=\"thin_plus_only_icon\">+<\/span>\n                        <\/div>\n        <\/div>\n    <\/div>\n\n                                    <a itemprop=\"url\" class=\"portfolio_link_class\" title=\"Suite Margrit\" href=\"https:\/\/www.chaletdelcarmen.com\/fr\/portfolio_page\/suite-margrit\/\"><\/a>\n                \n                <div style=\"\" class=\"portfolio_shader\"><\/div>\n                <div class=\"image_holder\">\n                    \n<span class='image'><img width=\"800\" height=\"525\" src=\"https:\/\/www.chaletdelcarmen.com\/wp-content\/uploads\/2018\/07\/SM10.jpg\" class=\"attachment-full size-full wp-post-image\" alt=\"Margrit\" loading=\"lazy\" srcset=\"https:\/\/www.chaletdelcarmen.com\/wp-content\/uploads\/2018\/07\/SM10.jpg 800w, https:\/\/www.chaletdelcarmen.com\/wp-content\/uploads\/2018\/07\/SM10-300x197.jpg 300w, https:\/\/www.chaletdelcarmen.com\/wp-content\/uploads\/2018\/07\/SM10-768x504.jpg 768w, https:\/\/www.chaletdelcarmen.com\/wp-content\/uploads\/2018\/07\/SM10-700x459.jpg 700w\" sizes=\"(max-width: 800px) 100vw, 800px\" \/><\/span>                <\/div>\n            <\/div>\n\n                <div class='portfolio_description ' >\n\n        \n    <h3 itemprop=\"name\" class=\"portfolio_title entry_title\"><a itemprop=\"url\" href=\"https:\/\/www.chaletdelcarmen.com\/fr\/portfolio_page\/suite-margrit\/\"  target=\"_self\"> Suite Margrit<\/a><\/h3>\n\n\n        \n            <span class=\"project_category\"  >\n    Suite    <\/span>\n\n    <\/div>\n\n        \n<\/article>\n<article class='mix portfolio_category_36 default' style=''>\n    \n    \n    \n    \n            <div class=\"item_holder thin_plus_only\">\n\n                    <div class=\"text_holder\">\n        <div class=\"text_holder_outer\">\n            <div class=\"text_holder_inner\">\n                            <span class=\"thin_plus_only_icon\">+<\/span>\n                        <\/div>\n        <\/div>\n    <\/div>\n\n                                    <a itemprop=\"url\" class=\"portfolio_link_class\" title=\"Suite Cameli\u00e8\" href=\"https:\/\/www.chaletdelcarmen.com\/fr\/portfolio_page\/suite-camelie\/\"><\/a>\n                \n                <div style=\"\" class=\"portfolio_shader\"><\/div>\n                <div class=\"image_holder\">\n                    \n<span class='image'><img width=\"800\" height=\"525\" src=\"https:\/\/www.chaletdelcarmen.com\/wp-content\/uploads\/2018\/07\/Cam3.jpg\" class=\"attachment-full size-full wp-post-image\" alt=\"Suite Cameli\u00e8\" loading=\"lazy\" srcset=\"https:\/\/www.chaletdelcarmen.com\/wp-content\/uploads\/2018\/07\/Cam3.jpg 800w, https:\/\/www.chaletdelcarmen.com\/wp-content\/uploads\/2018\/07\/Cam3-300x197.jpg 300w, https:\/\/www.chaletdelcarmen.com\/wp-content\/uploads\/2018\/07\/Cam3-768x504.jpg 768w, https:\/\/www.chaletdelcarmen.com\/wp-content\/uploads\/2018\/07\/Cam3-700x459.jpg 700w\" sizes=\"(max-width: 800px) 100vw, 800px\" \/><\/span>                <\/div>\n            <\/div>\n\n                <div class='portfolio_description ' >\n\n        \n    <h3 itemprop=\"name\" class=\"portfolio_title entry_title\"><a itemprop=\"url\" href=\"https:\/\/www.chaletdelcarmen.com\/fr\/portfolio_page\/suite-camelie\/\"  target=\"_self\"> Suite Cameli\u00e8<\/a><\/h3>\n\n\n        \n            <span class=\"project_category\"  >\n    Suite    <\/span>\n\n    <\/div>\n\n        \n<\/article>\n<article class='mix portfolio_category_39 default' style=''>\n    \n    \n    \n    \n            <div class=\"item_holder thin_plus_only\">\n\n                    <div class=\"text_holder\">\n        <div class=\"text_holder_outer\">\n            <div class=\"text_holder_inner\">\n                            <span class=\"thin_plus_only_icon\">+<\/span>\n                        <\/div>\n        <\/div>\n    <\/div>\n\n                                    <a itemprop=\"url\" class=\"portfolio_link_class\" title=\"Carmen\" href=\"https:\/\/www.chaletdelcarmen.com\/fr\/portfolio_page\/carmen\/\"><\/a>\n                \n                <div style=\"\" class=\"portfolio_shader\"><\/div>\n                <div class=\"image_holder\">\n                    \n<span class='image'><img width=\"610\" height=\"400\" src=\"https:\/\/www.chaletdelcarmen.com\/wp-content\/uploads\/2018\/07\/carmen.jpg\" class=\"attachment-full size-full wp-post-image\" alt=\"Carmen\" loading=\"lazy\" srcset=\"https:\/\/www.chaletdelcarmen.com\/wp-content\/uploads\/2018\/07\/carmen.jpg 610w, https:\/\/www.chaletdelcarmen.com\/wp-content\/uploads\/2018\/07\/carmen-300x197.jpg 300w\" sizes=\"(max-width: 610px) 100vw, 610px\" \/><\/span>                <\/div>\n            <\/div>\n\n                <div class='portfolio_description ' >\n\n        \n    <h3 itemprop=\"name\" class=\"portfolio_title entry_title\"><a itemprop=\"url\" href=\"https:\/\/www.chaletdelcarmen.com\/fr\/portfolio_page\/carmen\/\"  target=\"_self\"> Carmen<\/a><\/h3>\n\n\n        \n            <span class=\"project_category\"  >\n    Chambre    <\/span>\n\n    <\/div>\n\n        \n<\/article>\n<article class='mix portfolio_category_39 default' style=''>\n    \n    \n    \n    \n            <div class=\"item_holder thin_plus_only\">\n\n                    <div class=\"text_holder\">\n        <div class=\"text_holder_outer\">\n            <div class=\"text_holder_inner\">\n                            <span class=\"thin_plus_only_icon\">+<\/span>\n                        <\/div>\n        <\/div>\n    <\/div>\n\n                                    <a itemprop=\"url\" class=\"portfolio_link_class\" title=\"Frida\" href=\"https:\/\/www.chaletdelcarmen.com\/fr\/portfolio_page\/frida\/\"><\/a>\n                \n                <div style=\"\" class=\"portfolio_shader\"><\/div>\n                <div class=\"image_holder\">\n                    \n<span class='image'><img width=\"2560\" height=\"1920\" src=\"https:\/\/www.chaletdelcarmen.com\/wp-content\/uploads\/2018\/07\/05-scaled.jpg\" class=\"attachment-full size-full wp-post-image\" alt=\"\" loading=\"lazy\" srcset=\"https:\/\/www.chaletdelcarmen.com\/wp-content\/uploads\/2018\/07\/05-scaled.jpg 2560w, https:\/\/www.chaletdelcarmen.com\/wp-content\/uploads\/2018\/07\/05-300x225.jpg 300w\" sizes=\"(max-width: 2560px) 100vw, 2560px\" \/><\/span>                <\/div>\n            <\/div>\n\n                <div class='portfolio_description ' >\n\n        \n    <h3 itemprop=\"name\" class=\"portfolio_title entry_title\"><a itemprop=\"url\" href=\"https:\/\/www.chaletdelcarmen.com\/fr\/portfolio_page\/frida\/\"  target=\"_self\"> Frida<\/a><\/h3>\n\n\n        \n            <span class=\"project_category\"  >\n    Chambre    <\/span>\n\n    <\/div>\n\n        \n<\/article>\n<article class='mix portfolio_category_39 default' style=''>\n    \n    \n    \n    \n            <div class=\"item_holder thin_plus_only\">\n\n                    <div class=\"text_holder\">\n        <div class=\"text_holder_outer\">\n            <div class=\"text_holder_inner\">\n                            <span class=\"thin_plus_only_icon\">+<\/span>\n                        <\/div>\n        <\/div>\n    <\/div>\n\n                                    <a itemprop=\"url\" class=\"portfolio_link_class\" title=\"Heidi\" href=\"https:\/\/www.chaletdelcarmen.com\/fr\/portfolio_page\/heidi\/\"><\/a>\n                \n                <div style=\"\" class=\"portfolio_shader\"><\/div>\n                <div class=\"image_holder\">\n                    \n<span class='image'><img width=\"800\" height=\"525\" src=\"https:\/\/www.chaletdelcarmen.com\/wp-content\/uploads\/2018\/07\/HEI01.jpg\" class=\"attachment-full size-full wp-post-image\" alt=\"Heidi\" loading=\"lazy\" srcset=\"https:\/\/www.chaletdelcarmen.com\/wp-content\/uploads\/2018\/07\/HEI01.jpg 800w, https:\/\/www.chaletdelcarmen.com\/wp-content\/uploads\/2018\/07\/HEI01-300x197.jpg 300w, https:\/\/www.chaletdelcarmen.com\/wp-content\/uploads\/2018\/07\/HEI01-768x504.jpg 768w, https:\/\/www.chaletdelcarmen.com\/wp-content\/uploads\/2018\/07\/HEI01-700x459.jpg 700w\" sizes=\"(max-width: 800px) 100vw, 800px\" \/><\/span>                <\/div>\n            <\/div>\n\n                <div class='portfolio_description ' >\n\n        \n    <h3 itemprop=\"name\" class=\"portfolio_title entry_title\"><a itemprop=\"url\" href=\"https:\/\/www.chaletdelcarmen.com\/fr\/portfolio_page\/heidi\/\"  target=\"_self\"> Heidi<\/a><\/h3>\n\n\n        \n            <span class=\"project_category\"  >\n    Chambre    <\/span>\n\n    <\/div>\n\n        \n<\/article>\n<article class='mix portfolio_category_39 default' style=''>\n    \n    \n    \n    \n            <div class=\"item_holder thin_plus_only\">\n\n                    <div class=\"text_holder\">\n        <div class=\"text_holder_outer\">\n            <div class=\"text_holder_inner\">\n                            <span class=\"thin_plus_only_icon\">+<\/span>\n                        <\/div>\n        <\/div>\n    <\/div>\n\n                                    <a itemprop=\"url\" class=\"portfolio_link_class\" title=\"Conchita\" href=\"https:\/\/www.chaletdelcarmen.com\/fr\/portfolio_page\/conchita\/\"><\/a>\n                \n                <div style=\"\" class=\"portfolio_shader\"><\/div>\n                <div class=\"image_holder\">\n                    \n<span class='image'><img width=\"800\" height=\"525\" src=\"https:\/\/www.chaletdelcarmen.com\/wp-content\/uploads\/2018\/07\/CON02.jpg\" class=\"attachment-full size-full wp-post-image\" alt=\"Conchita\" loading=\"lazy\" srcset=\"https:\/\/www.chaletdelcarmen.com\/wp-content\/uploads\/2018\/07\/CON02.jpg 800w, https:\/\/www.chaletdelcarmen.com\/wp-content\/uploads\/2018\/07\/CON02-300x197.jpg 300w, https:\/\/www.chaletdelcarmen.com\/wp-content\/uploads\/2018\/07\/CON02-768x504.jpg 768w, https:\/\/www.chaletdelcarmen.com\/wp-content\/uploads\/2018\/07\/CON02-700x459.jpg 700w\" sizes=\"(max-width: 800px) 100vw, 800px\" \/><\/span>                <\/div>\n            <\/div>\n\n                <div class='portfolio_description ' >\n\n        \n    <h3 itemprop=\"name\" class=\"portfolio_title entry_title\"><a itemprop=\"url\" href=\"https:\/\/www.chaletdelcarmen.com\/fr\/portfolio_page\/conchita\/\"  target=\"_self\"> Conchita<\/a><\/h3>\n\n\n        \n            <span class=\"project_category\"  >\n    Chambre    <\/span>\n\n    <\/div>\n\n        \n<\/article>\n<article class='mix portfolio_category_39 default' style=''>\n    \n    \n    \n    \n            <div class=\"item_holder thin_plus_only\">\n\n                    <div class=\"text_holder\">\n        <div class=\"text_holder_outer\">\n            <div class=\"text_holder_inner\">\n                            <span class=\"thin_plus_only_icon\">+<\/span>\n                        <\/div>\n        <\/div>\n    <\/div>\n\n                                    <a itemprop=\"url\" class=\"portfolio_link_class\" title=\"Catalina\" href=\"https:\/\/www.chaletdelcarmen.com\/fr\/portfolio_page\/catalina\/\"><\/a>\n                \n                <div style=\"\" class=\"portfolio_shader\"><\/div>\n                <div class=\"image_holder\">\n                    \n<span class='image'><img width=\"800\" height=\"525\" src=\"https:\/\/www.chaletdelcarmen.com\/wp-content\/uploads\/2018\/07\/CATA02.jpg\" class=\"attachment-full size-full wp-post-image\" alt=\"Catalina\" loading=\"lazy\" srcset=\"https:\/\/www.chaletdelcarmen.com\/wp-content\/uploads\/2018\/07\/CATA02.jpg 800w, https:\/\/www.chaletdelcarmen.com\/wp-content\/uploads\/2018\/07\/CATA02-300x197.jpg 300w, https:\/\/www.chaletdelcarmen.com\/wp-content\/uploads\/2018\/07\/CATA02-768x504.jpg 768w, https:\/\/www.chaletdelcarmen.com\/wp-content\/uploads\/2018\/07\/CATA02-700x459.jpg 700w\" sizes=\"(max-width: 800px) 100vw, 800px\" \/><\/span>                <\/div>\n            <\/div>\n\n                <div class='portfolio_description ' >\n\n        \n    <h3 itemprop=\"name\" class=\"portfolio_title entry_title\"><a itemprop=\"url\" href=\"https:\/\/www.chaletdelcarmen.com\/fr\/portfolio_page\/catalina\/\"  target=\"_self\"> Catalina<\/a><\/h3>\n\n\n        \n            <span class=\"project_category\"  >\n    Chambre    <\/span>\n\n    <\/div>\n\n        \n<\/article>\n        <div class='filler'><\/div>\n            <div class='filler'><\/div>\n            <div class='filler'><\/div>\n        <\/div>\n\n    \n    <\/div>[\/vc_column][\/vc_row]<\/p>\n","protected":false},"excerpt":{"rendered":"<p>[vc_row css_animation=\u00a0\u00bb\u00a0\u00bb row_type=\u00a0\u00bbrow\u00a0\u00bb use_row_as_full_screen_section=\u00a0\u00bbno\u00a0\u00bb type=\u00a0\u00bbfull_width\u00a0\u00bb angled_section=\u00a0\u00bbno\u00a0\u00bb text_align=\u00a0\u00bbleft\u00a0\u00bb background_image_as_pattern=\u00a0\u00bbwithout_pattern\u00a0\u00bb][vc_column][vc_row_inner row_type=\u00a0\u00bbrow\u00a0\u00bb type=\u00a0\u00bbfull_width\u00a0\u00bb text_align=\u00a0\u00bbleft\u00a0\u00bb css_animation=\u00a0\u00bb\u00a0\u00bb][vc_column_inner width=\u00a0\u00bb1\/6&Prime;][\/vc_column_inner][vc_column_inner width=\u00a0\u00bb2\/3&Prime;][vc_empty_space height=\u00a0\u00bb10px\u00a0\u00bb][vc_column_text][\/vc_column_text][vc_empty_space height=\u00a0\u00bb10px\u00a0\u00bb][vc_column_text] Chacune de nos chambres a e\u0301te\u0301 pense\u0301, conc\u0327ue et adapte\u0301e a\u0300 un environnement e\u0301cologique, en tenant compte du confort souhaite\u0301 par nos visiteurs. Profitez d&rsquo;un he\u0301bergement entie\u0300rement conc\u0327u pour&#8230;<\/p>\n","protected":false},"author":1,"featured_media":0,"parent":0,"menu_order":0,"comment_status":"closed","ping_status":"open","template":"","meta":[],"yoast_head":"<!-- This site is optimized with the Yoast SEO plugin v20.5 - https:\/\/yoast.com\/wordpress\/plugins\/seo\/ -->\n<title>Suites et Chambres - Chalet del Carmen Coyoac\u00e1n<\/title>\n<meta name=\"robots\" content=\"index, follow, max-snippet:-1, max-image-preview:large, max-video-preview:-1\" \/>\n<link rel=\"canonical\" href=\"https:\/\/www.chaletdelcarmen.com\/fr\/suites-et-chambres\/\" \/>\n<meta property=\"og:locale\" content=\"fr_FR\" \/>\n<meta property=\"og:type\" content=\"article\" \/>\n<meta property=\"og:title\" content=\"Suites et Chambres - Chalet del Carmen Coyoac\u00e1n\" \/>\n<meta property=\"og:description\" content=\"[vc_row css_animation=\u00a0\u00bb\u00a0\u00bb row_type=\u00a0\u00bbrow\u00a0\u00bb use_row_as_full_screen_section=\u00a0\u00bbno\u00a0\u00bb type=\u00a0\u00bbfull_width\u00a0\u00bb angled_section=\u00a0\u00bbno\u00a0\u00bb text_align=\u00a0\u00bbleft\u00a0\u00bb background_image_as_pattern=\u00a0\u00bbwithout_pattern\u00a0\u00bb][vc_column][vc_row_inner row_type=\u00a0\u00bbrow\u00a0\u00bb type=\u00a0\u00bbfull_width\u00a0\u00bb text_align=\u00a0\u00bbleft\u00a0\u00bb css_animation=\u00a0\u00bb\u00a0\u00bb][vc_column_inner width=\u00a0\u00bb1\/6&Prime;][\/vc_column_inner][vc_column_inner width=\u00a0\u00bb2\/3&Prime;][vc_empty_space height=\u00a0\u00bb10px\u00a0\u00bb][vc_column_text][\/vc_column_text][vc_empty_space height=\u00a0\u00bb10px\u00a0\u00bb][vc_column_text] Chacune de nos chambres a e\u0301te\u0301 pense\u0301, conc\u0327ue et adapte\u0301e a\u0300 un environnement e\u0301cologique, en tenant compte du confort souhaite\u0301 par nos visiteurs. Profitez d&rsquo;un he\u0301bergement entie\u0300rement conc\u0327u pour...\" \/>\n<meta property=\"og:url\" content=\"https:\/\/www.chaletdelcarmen.com\/fr\/suites-et-chambres\/\" \/>\n<meta property=\"og:site_name\" content=\"Chalet del Carmen Coyoac\u00e1n\" \/>\n<meta property=\"article:publisher\" content=\"https:\/\/www.facebook.com\/Chalet-de-Carmen-835266423225776\/\" \/>\n<meta property=\"article:modified_time\" content=\"2023-12-26T19:42:30+00:00\" \/>\n<meta name=\"twitter:card\" content=\"summary_large_image\" \/>\n<meta name=\"twitter:site\" content=\"@ChaletdelCarmen\" \/>\n<meta name=\"twitter:label1\" content=\"Dur\u00e9e de lecture estim\u00e9e\" \/>\n\t<meta name=\"twitter:data1\" content=\"1 minute\" \/>\n<script type=\"application\/ld+json\" class=\"yoast-schema-graph\">{\"@context\":\"https:\/\/schema.org\",\"@graph\":[{\"@type\":\"WebPage\",\"@id\":\"https:\/\/www.chaletdelcarmen.com\/fr\/suites-et-chambres\/\",\"url\":\"https:\/\/www.chaletdelcarmen.com\/fr\/suites-et-chambres\/\",\"name\":\"Suites et Chambres - Chalet del Carmen Coyoac\u00e1n\",\"isPartOf\":{\"@id\":\"https:\/\/www.chaletdelcarmen.com\/#website\"},\"datePublished\":\"2018-07-17T17:03:26+00:00\",\"dateModified\":\"2023-12-26T19:42:30+00:00\",\"inLanguage\":\"fr-FR\",\"potentialAction\":[{\"@type\":\"ReadAction\",\"target\":[\"https:\/\/www.chaletdelcarmen.com\/fr\/suites-et-chambres\/\"]}]},{\"@type\":\"WebSite\",\"@id\":\"https:\/\/www.chaletdelcarmen.com\/#website\",\"url\":\"https:\/\/www.chaletdelcarmen.com\/\",\"name\":\"Chalet del Carmen Coyoac\u00e1n\",\"description\":\"Vivienda Ecol\u00f3gica y Sustentable de Arrendamiento Urbano\u00ae\",\"potentialAction\":[{\"@type\":\"SearchAction\",\"target\":{\"@type\":\"EntryPoint\",\"urlTemplate\":\"https:\/\/www.chaletdelcarmen.com\/?s={search_term_string}\"},\"query-input\":\"required name=search_term_string\"}],\"inLanguage\":\"fr-FR\"}]}<\/script>\n<!-- \/ Yoast SEO plugin. -->","yoast_head_json":{"title":"Suites et Chambres - Chalet del Carmen Coyoac\u00e1n","robots":{"index":"index","follow":"follow","max-snippet":"max-snippet:-1","max-image-preview":"max-image-preview:large","max-video-preview":"max-video-preview:-1"},"canonical":"https:\/\/www.chaletdelcarmen.com\/fr\/suites-et-chambres\/","og_locale":"fr_FR","og_type":"article","og_title":"Suites et Chambres - Chalet del Carmen Coyoac\u00e1n","og_description":"[vc_row css_animation=\u00a0\u00bb\u00a0\u00bb row_type=\u00a0\u00bbrow\u00a0\u00bb use_row_as_full_screen_section=\u00a0\u00bbno\u00a0\u00bb type=\u00a0\u00bbfull_width\u00a0\u00bb angled_section=\u00a0\u00bbno\u00a0\u00bb text_align=\u00a0\u00bbleft\u00a0\u00bb background_image_as_pattern=\u00a0\u00bbwithout_pattern\u00a0\u00bb][vc_column][vc_row_inner row_type=\u00a0\u00bbrow\u00a0\u00bb type=\u00a0\u00bbfull_width\u00a0\u00bb text_align=\u00a0\u00bbleft\u00a0\u00bb css_animation=\u00a0\u00bb\u00a0\u00bb][vc_column_inner width=\u00a0\u00bb1\/6&Prime;][\/vc_column_inner][vc_column_inner width=\u00a0\u00bb2\/3&Prime;][vc_empty_space height=\u00a0\u00bb10px\u00a0\u00bb][vc_column_text][\/vc_column_text][vc_empty_space height=\u00a0\u00bb10px\u00a0\u00bb][vc_column_text] Chacune de nos chambres a e\u0301te\u0301 pense\u0301, conc\u0327ue et adapte\u0301e a\u0300 un environnement e\u0301cologique, en tenant compte du confort souhaite\u0301 par nos visiteurs. Profitez d&rsquo;un he\u0301bergement entie\u0300rement conc\u0327u pour...","og_url":"https:\/\/www.chaletdelcarmen.com\/fr\/suites-et-chambres\/","og_site_name":"Chalet del Carmen Coyoac\u00e1n","article_publisher":"https:\/\/www.facebook.com\/Chalet-de-Carmen-835266423225776\/","article_modified_time":"2023-12-26T19:42:30+00:00","twitter_card":"summary_large_image","twitter_site":"@ChaletdelCarmen","twitter_misc":{"Dur\u00e9e de lecture estim\u00e9e":"1 minute"},"schema":{"@context":"https:\/\/schema.org","@graph":[{"@type":"WebPage","@id":"https:\/\/www.chaletdelcarmen.com\/fr\/suites-et-chambres\/","url":"https:\/\/www.chaletdelcarmen.com\/fr\/suites-et-chambres\/","name":"Suites et Chambres - Chalet del Carmen Coyoac\u00e1n","isPartOf":{"@id":"https:\/\/www.chaletdelcarmen.com\/#website"},"datePublished":"2018-07-17T17:03:26+00:00","dateModified":"2023-12-26T19:42:30+00:00","inLanguage":"fr-FR","potentialAction":[{"@type":"ReadAction","target":["https:\/\/www.chaletdelcarmen.com\/fr\/suites-et-chambres\/"]}]},{"@type":"WebSite","@id":"https:\/\/www.chaletdelcarmen.com\/#website","url":"https:\/\/www.chaletdelcarmen.com\/","name":"Chalet del Carmen Coyoac\u00e1n","description":"Vivienda Ecol\u00f3gica y Sustentable de Arrendamiento Urbano\u00ae","potentialAction":[{"@type":"SearchAction","target":{"@type":"EntryPoint","urlTemplate":"https:\/\/www.chaletdelcarmen.com\/?s={search_term_string}"},"query-input":"required name=search_term_string"}],"inLanguage":"fr-FR"}]}},"_links":{"self":[{"href":"https:\/\/www.chaletdelcarmen.com\/fr\/wp-json\/wp\/v2\/pages\/1559"}],"collection":[{"href":"https:\/\/www.chaletdelcarmen.com\/fr\/wp-json\/wp\/v2\/pages"}],"about":[{"href":"https:\/\/www.chaletdelcarmen.com\/fr\/wp-json\/wp\/v2\/types\/page"}],"author":[{"embeddable":true,"href":"https:\/\/www.chaletdelcarmen.com\/fr\/wp-json\/wp\/v2\/users\/1"}],"replies":[{"embeddable":true,"href":"https:\/\/www.chaletdelcarmen.com\/fr\/wp-json\/wp\/v2\/comments?post=1559"}],"version-history":[{"count":10,"href":"https:\/\/www.chaletdelcarmen.com\/fr\/wp-json\/wp\/v2\/pages\/1559\/revisions"}],"predecessor-version":[{"id":2956,"href":"https:\/\/www.chaletdelcarmen.com\/fr\/wp-json\/wp\/v2\/pages\/1559\/revisions\/2956"}],"wp:attachment":[{"href":"https:\/\/www.chaletdelcarmen.com\/fr\/wp-json\/wp\/v2\/media?parent=1559"}],"curies":[{"name":"wp","href":"https:\/\/api.w.org\/{rel}","templated":true}]}}