{"id":1208,"date":"2018-10-16T23:13:30","date_gmt":"2018-10-16T23:13:30","guid":{"rendered":"https:\/\/www.chaletdelcarmen.com\/?page_id=1208"},"modified":"2019-09-23T16:58:16","modified_gmt":"2019-09-23T16:58:16","slug":"apprenez-a-connaitre-coyoacan","status":"publish","type":"page","link":"https:\/\/www.chaletdelcarmen.com\/fr\/apprenez-a-connaitre-coyoacan\/","title":{"rendered":"Apprenez \u00e0 conna\u00eetre Coyoacan"},"content":{"rendered":"<p>[vc_row css_animation=\u00a0\u00bb\u00a0\u00bb row_type=\u00a0\u00bbrow\u00a0\u00bb use_row_as_full_screen_section=\u00a0\u00bbno\u00a0\u00bb type=\u00a0\u00bbfull_width\u00a0\u00bb angled_section=\u00a0\u00bbno\u00a0\u00bb text_align=\u00a0\u00bbleft\u00a0\u00bb background_image_as_pattern=\u00a0\u00bbwithout_pattern\u00a0\u00bb z_index=\u00a0\u00bb\u00a0\u00bb][vc_column width=\u00a0\u00bb2\/3&Prime;][vc_column_text]<\/p>\n<h2>Mus\u00e9es et recommandations<\/h2>\n<p>[\/vc_column_text][vc_empty_space][vc_column_text]Le Quartier de Coyoacan est dot\u00e9 d&rsquo;un grand r\u00e9pertoire culturel, qui donne la capacit\u00e9 \u00e0 tous taux d&rsquo;expressions artistiques, \u00e9ducatives et y compris culinaires. On peut dire que l&rsquo;offre culturelle, et \u00e9ducative du Coyoacan est une des plus riches et vastes d&rsquo;Am\u00e9rique latine en quantit\u00e9, vari\u00e9t\u00e9 et qualit\u00e9.[\/vc_column_text][vc_empty_space height=\u00a0\u00bb20px\u00a0\u00bb][vc_column_text]En plus d&rsquo;\u00eatre un emplacement historique d&rsquo;importance, berceau et refuge d&rsquo;illustres politiciens, artistes et personnalit\u00e9s les plus vari\u00e9es de toutes les nationalit\u00e9s, Chaque coin du quartier nous rappelle \u00e0 l&rsquo;un de ses personnages. Depuis le Chalet del Carmen on peut arriver en 3mn au Viveros de Coyoacan, un endroit id\u00e9al pour faire du sport, de la marche, ou faire de la lecture ou se relaxer.[\/vc_column_text][vc_empty_space height=\u00a0\u00bb20px\u00a0\u00bb][vc_column_text]Nous sommes \u00e0 4 minutes du Mus\u00e9e Frida Kahlo, des petits th\u00e9\u00e2tres: El H\u00e1bito, La Capilla et le cin\u00e9ma Coyoacan. En ce qui concerne les restaurants, caf\u00e9s et bars, l&rsquo;offre est aussi grande et vari\u00e9e: Une consultation \u00e0 ce sujet dans l&rsquo;administration vous guidera avec plaisir.[\/vc_column_text][vc_empty_space height=\u00a0\u00bb20px\u00a0\u00bb][vc_column_text]A 12 minutes approximativement dans le croisement du March\u00e9 et le Centre Historique, les m\u00e9tros: Coyoacan et Viveros, le Centre d&rsquo;art dramatique, AC, la maison du Th\u00e9\u00e2tre, le Centre commercial Plaza Coyoacan, le Mus\u00e9e de Le\u00f3n Trotsky, le th\u00e9\u00e2tre Hugo Arg\u00fcelles et la Cin\u00e9math\u00e8que Nationale.[\/vc_column_text][vc_empty_space height=\u00a0\u00bb20px\u00a0\u00bb][vc_column_text]Dans un diam\u00e8tre de 15 minutes \u00e0 30 minutes les places de la Conchita et Santa Catarina, la piscine olympique, le Centre National d&rsquo;Arts, l&rsquo;Ecole sup\u00e9rieur de Musique, les Th\u00e9\u00e2tres, Coyoacan, Ramiro Jim\u00e9nez y Forum Rodolfo Usigli, la belle rue de Francisco Sosa, l&rsquo;Institut Italien de la Culture, Le Centre Culturel los Talleres, La Maison de la Culture de Coyoacan \u00ab\u00a0Jes\u00fas Reyes Heroles\u00a0\u00bb, les Mus\u00e9es: Le National de l&rsquo;Aquarelle, de Octavio Paz, le \u00ab\u00a0Anahuacalli\u00a0\u00bb de Diego Rivera, ainsi que sa maison\/mus\u00e9e.[\/vc_column_text][vc_empty_space height=\u00a0\u00bb20px\u00a0\u00bb][\/vc_column][vc_column width=\u00a0\u00bb1\/3&Prime;][vc_single_image image=\u00a0\u00bb412&Prime; img_size=\u00a0\u00bblarge\u00a0\u00bb qode_css_animation=\u00a0\u00bb\u00a0\u00bb][vc_empty_space height=\u00a0\u00bb20px\u00a0\u00bb][vc_single_image image=\u00a0\u00bb406&Prime; img_size=\u00a0\u00bblarge\u00a0\u00bb qode_css_animation=\u00a0\u00bb\u00a0\u00bb][\/vc_column][\/vc_row][vc_row css_animation=\u00a0\u00bb\u00a0\u00bb row_type=\u00a0\u00bbrow\u00a0\u00bb use_row_as_full_screen_section=\u00a0\u00bbno\u00a0\u00bb type=\u00a0\u00bbfull_width\u00a0\u00bb angled_section=\u00a0\u00bbno\u00a0\u00bb text_align=\u00a0\u00bbleft\u00a0\u00bb background_image_as_pattern=\u00a0\u00bbwithout_pattern\u00a0\u00bb css=\u00a0\u00bb.vc_custom_1532122897343{padding-top: 50px !important;}\u00a0\u00bb z_index=\u00a0\u00bb\u00a0\u00bb][vc_column width=\u00a0\u00bb2\/3&Prime;][vc_single_image image=\u00a0\u00bb409&Prime; img_size=\u00a0\u00bblarge\u00a0\u00bb qode_css_animation=\u00a0\u00bb\u00a0\u00bb][vc_empty_space][vc_column_text]Nous sommes voisins de San Angel et de tous ses recoins en passant par l&rsquo;Institut et Th\u00e9\u00e2tre Hell\u00e9nique, pour arriver par les salles Netzahualcoyotl, Ollin Yolistli, et bien sur la Universit\u00e9 Nationale Autonome Mexicaine (UNAM) dans toute sa splendeur et ses aspects culturels et scientifiques proche des Pyramides de Cuicuilco.[\/vc_column_text][vc_empty_space height=\u00a0\u00bb20px\u00a0\u00bb][vc_column_text]On atteint l&rsquo;a\u00e9roport international de Mexico en une demi-heure \u00e0 une heure.[\/vc_column_text][vc_empty_space height=\u00a0\u00bb20px\u00a0\u00bb][vc_column_text]L&rsquo;utilisation du Turibus est un excellent moyen de visiter les principales attractions du sud de la ville de Mexique. Le prochain arr\u00eat est au mus\u00e9e Frida Kahlo, \u00e0 quelques pas du Chalet.[\/vc_column_text][vc_empty_space height=\u00a0\u00bb20px\u00a0\u00bb][vc_column_text]Une autre option pour profiter de l\u2019heure est de faire le tour en tram touristique pour conna\u00eetre tous les coins charg\u00e9s de l\u00e9gendes et d\u2019histoire qu\u2019il y a dans les environs de Coyoacan, Il part du parc central de Coyoacan. Nous vous recommandons \u00e9galement ses visites nocturnes, afin que vous ne manquiez pas les lieux o\u00f9 sont n\u00e9es les c\u00e9l\u00e8bres l\u00e9gendes du quartier.[\/vc_column_text][vc_empty_space height=\u00a0\u00bb20px\u00a0\u00bb][\/vc_column][vc_column width=\u00a0\u00bb1\/3&Prime;][vc_single_image image=\u00a0\u00bb407&Prime; img_size=\u00a0\u00bblarge\u00a0\u00bb qode_css_animation=\u00a0\u00bb\u00a0\u00bb][vc_empty_space height=\u00a0\u00bb20px\u00a0\u00bb][vc_single_image image=\u00a0\u00bb145&Prime; img_size=\u00a0\u00bblarge\u00a0\u00bb qode_css_animation=\u00a0\u00bb\u00a0\u00bb][\/vc_column][\/vc_row][vc_row css_animation=\u00a0\u00bb\u00a0\u00bb row_type=\u00a0\u00bbrow\u00a0\u00bb use_row_as_full_screen_section=\u00a0\u00bbno\u00a0\u00bb type=\u00a0\u00bbgrid\u00a0\u00bb angled_section=\u00a0\u00bbno\u00a0\u00bb text_align=\u00a0\u00bbleft\u00a0\u00bb background_image_as_pattern=\u00a0\u00bbwithout_pattern\u00a0\u00bb padding_top=\u00a0\u00bb60&Prime; z_index=\u00a0\u00bb\u00a0\u00bb][vc_column width=\u00a0\u00bb1\/3&Prime;]<div class='q_icon_with_title medium circle center '><div class=\"icon_holder \" style=\" \"><span data-icon-type=\"circle\" data-icon-hover-color=\"#ffffff\"  class=\"qode_iwt_icon_holder fa-stack fa-3x  \" style=\"border-color: #b19f6a;\"><i class=\"qode_icon_font_awesome fa fa-check qode_iwt_icon_element\" style=\"color: #b19f6a;\" ><\/i><\/span><\/div><div class=\"icon_text_holder\" style=\"\"><div class=\"icon_text_inner\" style=\"\"><h4 class=\"icon_title\" style=\"font-weight: 700;\">R\u00e9servez d\u00e8s maintenant<\/h4><p style=''><\/p><a itemprop='url' class='icon_with_title_link' href='#' target='_self' style='color: #b19f6a;'>+ info<\/a><\/div><\/div><\/div>[\/vc_column][vc_column width=\u00a0\u00bb1\/3&Prime;]<div class='q_icon_with_title medium circle center '><div class=\"icon_holder \" style=\" \"><a itemprop=\"url\" href=\"https:\/\/www.chaletdelcarmen.com\/fr\/suites-et-chambres\/\" target=\"\" class=\"q_icon_link\"><span data-icon-type=\"circle\" data-icon-hover-color=\"#ffffff\"  class=\"qode_iwt_icon_holder fa-stack fa-3x  \" style=\"border-color: #b19f6a;\"><i class=\"qode_icon_font_awesome fa fa-bed qode_iwt_icon_element\" style=\"color: #b19f6a;\" ><\/i><\/span><\/a><\/div><div class=\"icon_text_holder\" style=\"\"><div class=\"icon_text_inner\" style=\"\"><h4 class=\"icon_title\" style=\"font-weight: 700;\">Suites &amp; Chambres<\/h4><p style=''><\/p><a itemprop='url' class='icon_with_title_link' href='https:\/\/www.chaletdelcarmen.com\/fr\/suites-et-chambres\/' target='_self' style='color: #b19f6a;'>+ info<\/a><\/div><\/div><\/div>[\/vc_column][vc_column width=\u00a0\u00bb1\/3&Prime;]<div class='q_icon_with_title medium circle center '><div class=\"icon_holder \" style=\" \"><a itemprop=\"url\" href=\"\/certificado-de-cumplimiento-ambiental\/\" target=\"\" class=\"q_icon_link\"><span data-icon-type=\"circle\" data-icon-hover-color=\"#ffffff\"  class=\"qode_iwt_icon_holder fa-stack fa-3x  \" style=\"border-color: #b19f6a;\"><i class=\"qode_icon_font_awesome fa fa-star qode_iwt_icon_element\" style=\"color: #b19f6a;\" ><\/i><\/span><\/a><\/div><div class=\"icon_text_holder\" style=\"\"><div class=\"icon_text_inner\" style=\"\"><h4 class=\"icon_title\" style=\"font-weight: 700;\">Certificat<\/h4><p style=''>de conformit\u00e9 environnementale<\/p><a itemprop='url' class='icon_with_title_link' href='\/certificado-de-cumplimiento-ambiental\/' target='_self' style='color: #b19f6a;'>+ info<\/a><\/div><\/div><\/div>[\/vc_column][\/vc_row][vc_row css_animation=\u00a0\u00bb\u00a0\u00bb row_type=\u00a0\u00bbrow\u00a0\u00bb use_row_as_full_screen_section=\u00a0\u00bbno\u00a0\u00bb type=\u00a0\u00bbfull_width\u00a0\u00bb angled_section=\u00a0\u00bbno\u00a0\u00bb text_align=\u00a0\u00bbleft\u00a0\u00bb background_image_as_pattern=\u00a0\u00bbwithout_pattern\u00a0\u00bb][vc_column][vc_separator type=\u00a0\u00bbnormal\u00a0\u00bb color=\u00a0\u00bb#6a2a1f\u00a0\u00bb up=\u00a0\u00bb20&Prime; down=\u00a0\u00bb20&Prime;][\/vc_column][\/vc_row][vc_row css_animation=\u00a0\u00bb\u00a0\u00bb row_type=\u00a0\u00bbrow\u00a0\u00bb use_row_as_full_screen_section=\u00a0\u00bbno\u00a0\u00bb type=\u00a0\u00bbgrid\u00a0\u00bb angled_section=\u00a0\u00bbno\u00a0\u00bb text_align=\u00a0\u00bbcenter\u00a0\u00bb background_image_as_pattern=\u00a0\u00bbwithout_pattern\u00a0\u00bb padding_top=\u00a0\u00bb60&Prime; padding_bottom=\u00a0\u00bb60&Prime; z_index=\u00a0\u00bb\u00a0\u00bb][vc_column][vc_column_text]<\/p>\n<h3>Vous pouvez \u00e9galement r\u00e9server:<\/h3>\n<p>[\/vc_column_text][vc_empty_space height=\u00a0\u00bb35px\u00a0\u00bb][vc_row_inner row_type=\u00a0\u00bbrow\u00a0\u00bb type=\u00a0\u00bbfull_width\u00a0\u00bb text_align=\u00a0\u00bbleft\u00a0\u00bb css_animation=\u00a0\u00bb\u00a0\u00bb][vc_column_inner width=\u00a0\u00bb1\/6&Prime; offset=\u00a0\u00bbvc_col-xs-6&Prime;][vc_single_image image=\u00a0\u00bb100&Prime; img_size=\u00a0\u00bblarge\u00a0\u00bb alignment=\u00a0\u00bbcenter\u00a0\u00bb onclick=\u00a0\u00bbcustom_link\u00a0\u00bb img_link_target=\u00a0\u00bb_blank\u00a0\u00bb qode_css_animation=\u00a0\u00bb\u00a0\u00bb link=\u00a0\u00bbhttps:\/\/www.airbnb.mx\/rooms\/3874727?s=G_oX\u00a0\u00bb][vc_empty_space height=\u00a0\u00bb15px\u00a0\u00bb][\/vc_column_inner][vc_column_inner width=\u00a0\u00bb1\/6&Prime; offset=\u00a0\u00bbvc_col-xs-6&Prime;][vc_single_image image=\u00a0\u00bb102&Prime; img_size=\u00a0\u00bblarge\u00a0\u00bb alignment=\u00a0\u00bbcenter\u00a0\u00bb onclick=\u00a0\u00bbcustom_link\u00a0\u00bb img_link_target=\u00a0\u00bb_blank\u00a0\u00bb qode_css_animation=\u00a0\u00bb\u00a0\u00bb link=\u00a0\u00bbhttps:\/\/www.booking.com\/hotel\/mx\/chalet-del-carmen-coyoacan.es.html?sid=121ac2517eb85786db16779c845c80d0;dcid=4;dist=0;group_adults=2;room1=A,A;sb_price_type=total;srfid=3e8bdc92bc944017237793a35cf221695b51c557X19;type=total;ucfs=1&amp;\u00a0\u00bb][vc_empty_space height=\u00a0\u00bb15px\u00a0\u00bb][\/vc_column_inner][vc_column_inner width=\u00a0\u00bb1\/6&Prime; offset=\u00a0\u00bbvc_col-xs-6&Prime;][vc_single_image image=\u00a0\u00bb104&Prime; img_size=\u00a0\u00bblarge\u00a0\u00bb alignment=\u00a0\u00bbcenter\u00a0\u00bb onclick=\u00a0\u00bbcustom_link\u00a0\u00bb img_link_target=\u00a0\u00bb_blank\u00a0\u00bb qode_css_animation=\u00a0\u00bb\u00a0\u00bb link=\u00a0\u00bbhttps:\/\/www.despegar.com.mx\/search\/hotel\/4474\/2015-09-24\/2015-09-26\/2?from=SB&amp;hotelOid=561859&amp;fromDetail=true&amp;trackFrom=hotel\u00a0\u00bb][vc_empty_space height=\u00a0\u00bb15px\u00a0\u00bb][\/vc_column_inner][vc_column_inner width=\u00a0\u00bb1\/6&Prime; offset=\u00a0\u00bbvc_col-xs-6&Prime;][vc_single_image image=\u00a0\u00bb106&Prime; img_size=\u00a0\u00bblarge\u00a0\u00bb alignment=\u00a0\u00bbcenter\u00a0\u00bb onclick=\u00a0\u00bbcustom_link\u00a0\u00bb img_link_target=\u00a0\u00bb_blank\u00a0\u00bb qode_css_animation=\u00a0\u00bb\u00a0\u00bb link=\u00a0\u00bbhttps:\/\/www.trivago.com.mx\/?iPathId=51247&amp;bDispMoreFilter=false&amp;iSlideOutItem=3223692&amp;aDateRange`{`arr`}`=2015-10-11&amp;aDateRange`{`dep`}`=2015-10-12&amp;aCategoryRange=0,1,2,3,4,5&amp;iRoomType=7&amp;sOrderBy=relevance%20desc&amp;aPartner=&amp;aOverallLiking=1,2,3,4,5&amp;iGeoDistanceLimit=20000&amp;iOffset=0&amp;iIncludeAll=0&amp;bTopDealsOnly=false&amp;iViewType=0&amp;aPriceRange`{`from`}`=0&amp;aPriceRange`{`to`}`=0&amp;iGeoDistanceItem=3223692&amp;aGeoCode`{`lng`}`=-99.115089&amp;aGeoCode`{`lat`}`=19.340511&amp;bIsSeoPage=false&amp;mgo=false&amp;bHotelTestContext=false&amp;th=false&amp;aHotelTestClassifier=&amp;bSharedRooms=false&amp;bIsSitemap=false&amp;rp=&amp;sSemKeywordInfo=&amp;tgs=322369202&amp;bRecommendedItem=false&amp;iFilterTab=0&amp;\u00a0\u00bb][vc_empty_space height=\u00a0\u00bb15px\u00a0\u00bb][\/vc_column_inner][vc_column_inner width=\u00a0\u00bb1\/6&Prime; offset=\u00a0\u00bbvc_col-xs-6&Prime;][vc_single_image image=\u00a0\u00bb108&Prime; img_size=\u00a0\u00bblarge\u00a0\u00bb alignment=\u00a0\u00bbcenter\u00a0\u00bb onclick=\u00a0\u00bbcustom_link\u00a0\u00bb img_link_target=\u00a0\u00bb_blank\u00a0\u00bb qode_css_animation=\u00a0\u00bb\u00a0\u00bb link=\u00a0\u00bbhttps:\/\/www.tripadvisor.com.mx\/Hotel_Review-g150800-d3291226-Reviews-Chalet_del_Carmen-Mexico_City_Central_Mexico_and_Gulf_Coast.html\u00a0\u00bb][vc_empty_space height=\u00a0\u00bb15px\u00a0\u00bb][\/vc_column_inner][vc_column_inner width=\u00a0\u00bb1\/6&Prime; offset=\u00a0\u00bbvc_col-xs-6&Prime;][vc_single_image image=\u00a0\u00bb110&Prime; img_size=\u00a0\u00bblarge\u00a0\u00bb alignment=\u00a0\u00bbcenter\u00a0\u00bb onclick=\u00a0\u00bbcustom_link\u00a0\u00bb img_link_target=\u00a0\u00bb_blank\u00a0\u00bb qode_css_animation=\u00a0\u00bb\u00a0\u00bb link=\u00a0\u00bbhttps:\/\/www.expedia.mx\/Mexico-City-Hoteles-Chalet-Del-Carmen-Coyoacan.h20393109.Informacion-Hotel?chkin=07%2F11%2F2017&amp;chkout=08%2F11%2F2017&amp;rm1=a2&amp;regionId=0&amp;hwrqCacheKey=76bc08a4-aceb-48b6-8b00-60f98e6134e3HWRQ1510070541247&amp;vip=false&amp;c=cfe57f9e-883b-4caf-985f-4d5e17487b1b&amp;\u00a0\u00bb][vc_empty_space height=\u00a0\u00bb15px\u00a0\u00bb][\/vc_column_inner][\/vc_row_inner][\/vc_column][\/vc_row]<\/p>\n","protected":false},"excerpt":{"rendered":"<p>[vc_row css_animation=\u00a0\u00bb\u00a0\u00bb row_type=\u00a0\u00bbrow\u00a0\u00bb use_row_as_full_screen_section=\u00a0\u00bbno\u00a0\u00bb type=\u00a0\u00bbfull_width\u00a0\u00bb angled_section=\u00a0\u00bbno\u00a0\u00bb text_align=\u00a0\u00bbleft\u00a0\u00bb background_image_as_pattern=\u00a0\u00bbwithout_pattern\u00a0\u00bb z_index=\u00a0\u00bb\u00a0\u00bb][vc_column width=\u00a0\u00bb2\/3&Prime;][vc_column_text] Mus\u00e9es et recommandations [\/vc_column_text][vc_empty_space][vc_column_text]Le Quartier de Coyoacan est dot\u00e9 d&rsquo;un grand r\u00e9pertoire culturel, qui donne la capacit\u00e9 \u00e0 tous taux d&rsquo;expressions artistiques, \u00e9ducatives et y compris culinaires. On peut dire que l&rsquo;offre culturelle, et \u00e9ducative&#8230;<\/p>\n","protected":false},"author":1,"featured_media":0,"parent":0,"menu_order":0,"comment_status":"closed","ping_status":"closed","template":"","meta":[],"yoast_head":"<!-- This site is optimized with the Yoast SEO plugin v20.5 - https:\/\/yoast.com\/wordpress\/plugins\/seo\/ -->\n<title>Apprenez \u00e0 conna\u00eetre Coyoacan - Chalet del Carmen Coyoac\u00e1n<\/title>\n<meta name=\"robots\" content=\"index, follow, max-snippet:-1, max-image-preview:large, max-video-preview:-1\" \/>\n<link rel=\"canonical\" href=\"https:\/\/www.chaletdelcarmen.com\/fr\/apprenez-a-connaitre-coyoacan\/\" \/>\n<meta property=\"og:locale\" content=\"fr_FR\" \/>\n<meta property=\"og:type\" content=\"article\" \/>\n<meta property=\"og:title\" content=\"Apprenez \u00e0 conna\u00eetre Coyoacan - Chalet del Carmen Coyoac\u00e1n\" \/>\n<meta property=\"og:description\" content=\"[vc_row css_animation=\u00a0\u00bb\u00a0\u00bb row_type=\u00a0\u00bbrow\u00a0\u00bb use_row_as_full_screen_section=\u00a0\u00bbno\u00a0\u00bb type=\u00a0\u00bbfull_width\u00a0\u00bb angled_section=\u00a0\u00bbno\u00a0\u00bb text_align=\u00a0\u00bbleft\u00a0\u00bb background_image_as_pattern=\u00a0\u00bbwithout_pattern\u00a0\u00bb z_index=\u00a0\u00bb\u00a0\u00bb][vc_column width=\u00a0\u00bb2\/3&Prime;][vc_column_text] Mus\u00e9es et recommandations [\/vc_column_text][vc_empty_space][vc_column_text]Le Quartier de Coyoacan est dot\u00e9 d&rsquo;un grand r\u00e9pertoire culturel, qui donne la capacit\u00e9 \u00e0 tous taux d&rsquo;expressions artistiques, \u00e9ducatives et y compris culinaires. On peut dire que l&rsquo;offre culturelle, et \u00e9ducative...\" \/>\n<meta property=\"og:url\" content=\"https:\/\/www.chaletdelcarmen.com\/fr\/apprenez-a-connaitre-coyoacan\/\" \/>\n<meta property=\"og:site_name\" content=\"Chalet del Carmen Coyoac\u00e1n\" \/>\n<meta property=\"article:publisher\" content=\"https:\/\/www.facebook.com\/Chalet-de-Carmen-835266423225776\/\" \/>\n<meta property=\"article:modified_time\" content=\"2019-09-23T16:58:16+00:00\" \/>\n<meta name=\"twitter:card\" content=\"summary_large_image\" \/>\n<meta name=\"twitter:site\" content=\"@ChaletdelCarmen\" \/>\n<meta name=\"twitter:label1\" content=\"Dur\u00e9e de lecture estim\u00e9e\" \/>\n\t<meta name=\"twitter:data1\" content=\"8 minutes\" \/>\n<script type=\"application\/ld+json\" class=\"yoast-schema-graph\">{\"@context\":\"https:\/\/schema.org\",\"@graph\":[{\"@type\":\"WebPage\",\"@id\":\"https:\/\/www.chaletdelcarmen.com\/fr\/apprenez-a-connaitre-coyoacan\/\",\"url\":\"https:\/\/www.chaletdelcarmen.com\/fr\/apprenez-a-connaitre-coyoacan\/\",\"name\":\"Apprenez \u00e0 conna\u00eetre Coyoacan - Chalet del Carmen Coyoac\u00e1n\",\"isPartOf\":{\"@id\":\"https:\/\/www.chaletdelcarmen.com\/#website\"},\"datePublished\":\"2018-10-16T23:13:30+00:00\",\"dateModified\":\"2019-09-23T16:58:16+00:00\",\"inLanguage\":\"fr-FR\",\"potentialAction\":[{\"@type\":\"ReadAction\",\"target\":[\"https:\/\/www.chaletdelcarmen.com\/fr\/apprenez-a-connaitre-coyoacan\/\"]}]},{\"@type\":\"WebSite\",\"@id\":\"https:\/\/www.chaletdelcarmen.com\/#website\",\"url\":\"https:\/\/www.chaletdelcarmen.com\/\",\"name\":\"Chalet del Carmen Coyoac\u00e1n\",\"description\":\"Vivienda Ecol\u00f3gica y Sustentable de Arrendamiento Urbano\u00ae\",\"potentialAction\":[{\"@type\":\"SearchAction\",\"target\":{\"@type\":\"EntryPoint\",\"urlTemplate\":\"https:\/\/www.chaletdelcarmen.com\/?s={search_term_string}\"},\"query-input\":\"required name=search_term_string\"}],\"inLanguage\":\"fr-FR\"}]}<\/script>\n<!-- \/ Yoast SEO plugin. -->","yoast_head_json":{"title":"Apprenez \u00e0 conna\u00eetre Coyoacan - Chalet del Carmen Coyoac\u00e1n","robots":{"index":"index","follow":"follow","max-snippet":"max-snippet:-1","max-image-preview":"max-image-preview:large","max-video-preview":"max-video-preview:-1"},"canonical":"https:\/\/www.chaletdelcarmen.com\/fr\/apprenez-a-connaitre-coyoacan\/","og_locale":"fr_FR","og_type":"article","og_title":"Apprenez \u00e0 conna\u00eetre Coyoacan - Chalet del Carmen Coyoac\u00e1n","og_description":"[vc_row css_animation=\u00a0\u00bb\u00a0\u00bb row_type=\u00a0\u00bbrow\u00a0\u00bb use_row_as_full_screen_section=\u00a0\u00bbno\u00a0\u00bb type=\u00a0\u00bbfull_width\u00a0\u00bb angled_section=\u00a0\u00bbno\u00a0\u00bb text_align=\u00a0\u00bbleft\u00a0\u00bb background_image_as_pattern=\u00a0\u00bbwithout_pattern\u00a0\u00bb z_index=\u00a0\u00bb\u00a0\u00bb][vc_column width=\u00a0\u00bb2\/3&Prime;][vc_column_text] Mus\u00e9es et recommandations [\/vc_column_text][vc_empty_space][vc_column_text]Le Quartier de Coyoacan est dot\u00e9 d&rsquo;un grand r\u00e9pertoire culturel, qui donne la capacit\u00e9 \u00e0 tous taux d&rsquo;expressions artistiques, \u00e9ducatives et y compris culinaires. On peut dire que l&rsquo;offre culturelle, et \u00e9ducative...","og_url":"https:\/\/www.chaletdelcarmen.com\/fr\/apprenez-a-connaitre-coyoacan\/","og_site_name":"Chalet del Carmen Coyoac\u00e1n","article_publisher":"https:\/\/www.facebook.com\/Chalet-de-Carmen-835266423225776\/","article_modified_time":"2019-09-23T16:58:16+00:00","twitter_card":"summary_large_image","twitter_site":"@ChaletdelCarmen","twitter_misc":{"Dur\u00e9e de lecture estim\u00e9e":"8 minutes"},"schema":{"@context":"https:\/\/schema.org","@graph":[{"@type":"WebPage","@id":"https:\/\/www.chaletdelcarmen.com\/fr\/apprenez-a-connaitre-coyoacan\/","url":"https:\/\/www.chaletdelcarmen.com\/fr\/apprenez-a-connaitre-coyoacan\/","name":"Apprenez \u00e0 conna\u00eetre Coyoacan - Chalet del Carmen Coyoac\u00e1n","isPartOf":{"@id":"https:\/\/www.chaletdelcarmen.com\/#website"},"datePublished":"2018-10-16T23:13:30+00:00","dateModified":"2019-09-23T16:58:16+00:00","inLanguage":"fr-FR","potentialAction":[{"@type":"ReadAction","target":["https:\/\/www.chaletdelcarmen.com\/fr\/apprenez-a-connaitre-coyoacan\/"]}]},{"@type":"WebSite","@id":"https:\/\/www.chaletdelcarmen.com\/#website","url":"https:\/\/www.chaletdelcarmen.com\/","name":"Chalet del Carmen Coyoac\u00e1n","description":"Vivienda Ecol\u00f3gica y Sustentable de Arrendamiento Urbano\u00ae","potentialAction":[{"@type":"SearchAction","target":{"@type":"EntryPoint","urlTemplate":"https:\/\/www.chaletdelcarmen.com\/?s={search_term_string}"},"query-input":"required name=search_term_string"}],"inLanguage":"fr-FR"}]}},"_links":{"self":[{"href":"https:\/\/www.chaletdelcarmen.com\/fr\/wp-json\/wp\/v2\/pages\/1208"}],"collection":[{"href":"https:\/\/www.chaletdelcarmen.com\/fr\/wp-json\/wp\/v2\/pages"}],"about":[{"href":"https:\/\/www.chaletdelcarmen.com\/fr\/wp-json\/wp\/v2\/types\/page"}],"author":[{"embeddable":true,"href":"https:\/\/www.chaletdelcarmen.com\/fr\/wp-json\/wp\/v2\/users\/1"}],"replies":[{"embeddable":true,"href":"https:\/\/www.chaletdelcarmen.com\/fr\/wp-json\/wp\/v2\/comments?post=1208"}],"version-history":[{"count":9,"href":"https:\/\/www.chaletdelcarmen.com\/fr\/wp-json\/wp\/v2\/pages\/1208\/revisions"}],"predecessor-version":[{"id":1717,"href":"https:\/\/www.chaletdelcarmen.com\/fr\/wp-json\/wp\/v2\/pages\/1208\/revisions\/1717"}],"wp:attachment":[{"href":"https:\/\/www.chaletdelcarmen.com\/fr\/wp-json\/wp\/v2\/media?parent=1208"}],"curies":[{"name":"wp","href":"https:\/\/api.w.org\/{rel}","templated":true}]}}