{"id":1199,"date":"2018-10-16T22:33:34","date_gmt":"2018-10-16T22:33:34","guid":{"rendered":"https:\/\/www.chaletdelcarmen.com\/?page_id=1199"},"modified":"2020-01-13T15:32:37","modified_gmt":"2020-01-13T15:32:37","slug":"quel-est-le-chalet","status":"publish","type":"page","link":"https:\/\/www.chaletdelcarmen.com\/fr\/quel-est-le-chalet\/","title":{"rendered":"Quel est le Chalet?"},"content":{"rendered":"<p>[vc_row css_animation=\u00a0\u00bb\u00a0\u00bb row_type=\u00a0\u00bbrow\u00a0\u00bb use_row_as_full_screen_section=\u00a0\u00bbno\u00a0\u00bb type=\u00a0\u00bbfull_width\u00a0\u00bb angled_section=\u00a0\u00bbno\u00a0\u00bb text_align=\u00a0\u00bbleft\u00a0\u00bb background_image_as_pattern=\u00a0\u00bbwithout_pattern\u00a0\u00bb][vc_column width=\u00a0\u00bb2\/3&Prime;][vc_column_text]<\/p>\n<h2>Chalet del Carmen Coyoac\u00e1n\u00ae<\/h2>\n<p>[\/vc_column_text][vc_column_text]<\/p>\n<h4>Registro en el Instituto Mexicano de la Propiedad Industrial (IMPI): 1856731<\/h4>\n<p>[\/vc_column_text][vc_empty_space][vc_column_text]Le <strong>Chalet del Carmen Coyoac\u00e1n\u00ae <\/strong> Est un concept qui na\u00eet de l&rsquo;union d&rsquo;une suisse et d&rsquo;un mexicain de Coyoacan, amphitryons par excellence qui d\u00e9cident d&rsquo;ouvrir les portes de leur maison \u00e0 des visiteurs du monde entier. M\u00e9lange de savoir-faire Europ\u00e9en avec le style mexicain, qui combine le confort et l&rsquo;hygi\u00e8ne avec la simplicit\u00e9 et la chaleur latine avec normes de qualit\u00e9 europ\u00e9ennes<br \/>\n[\/vc_column_text][vc_empty_space height=\u00a0\u00bb20px\u00a0\u00bb][vc_column_text]<em>C\u2019est aussi une maison \u00e9cologique dans la mesure du possible, les soins utilisation de l\u2019eau, l\u2019\u00e9clairage et la ventilation naturelle ont \u00e9t\u00e9 int\u00e9gr\u00e9s \u00e0 la conception des espaces. Nous avons des processus de purification et de min\u00e9ralisation de l&rsquo;eau courante. Nous utilisons des panneaux solaires pour chauffer l&rsquo;eau, ainsi que les cellules photovolta\u00efques r\u00e9duisent la consommation d&rsquo;\u00e9nergie et les services de d\u00e9chets s\u00e9par\u00e9s.<\/em><br \/>\n[\/vc_column_text][vc_empty_space height=\u00a0\u00bb20px\u00a0\u00bb][vc_column_text]Le <strong>Chalet del Carmen<\/strong>, est une maison urbaine, de quartier typique de Coyoacan, dans la ville de Mexico, qui r\u00e9sulte d&rsquo;une architecture de dimensions discr\u00e8tes respectant la structure, l&rsquo;esth\u00e9tique et les proportions ad\u00e9quates ainsi que l&rsquo;environnement.[\/vc_column_text][vc_empty_space height=\u00a0\u00bb20px\u00a0\u00bb][\/vc_column][vc_column width=\u00a0\u00bb1\/3&Prime;][vc_single_image image=\u00a0\u00bb127&Prime; img_size=\u00a0\u00bblarge\u00a0\u00bb qode_css_animation=\u00a0\u00bb\u00a0\u00bb][\/vc_column][\/vc_row][vc_row css_animation=\u00a0\u00bb\u00a0\u00bb row_type=\u00a0\u00bbrow\u00a0\u00bb use_row_as_full_screen_section=\u00a0\u00bbno\u00a0\u00bb type=\u00a0\u00bbfull_width\u00a0\u00bb angled_section=\u00a0\u00bbno\u00a0\u00bb text_align=\u00a0\u00bbleft\u00a0\u00bb background_image_as_pattern=\u00a0\u00bbwithout_pattern\u00a0\u00bb css=\u00a0\u00bb.vc_custom_1532121665138{padding-top: 50px !important;}\u00a0\u00bb z_index=\u00a0\u00bb\u00a0\u00bb][vc_column width=\u00a0\u00bb2\/3&Prime;][vc_column_text]On a r\u00e9nov\u00e9 les chambres et des pi\u00e8ces existantes, en 4 chambres et 2 Suites, chacune ayant sa personnalit\u00e9 et ses caract\u00e9ristiques, c&rsquo;est ce qui apporte un certain charme \u00e0 cette maison. Le fait d&rsquo;\u00eatre \u00e0 <strong>Coyoacan<\/strong>, invite \u00e0 garder des coins de verdure.[\/vc_column_text][vc_empty_space height=\u00a0\u00bb20px\u00a0\u00bb][vc_column_text]La qualit\u00e9 de nos services est soutenue par la chaleur de l&rsquo;hospitalit\u00e9 latino-am\u00e9ricaine, L&rsquo;individualit\u00e9 ainsi que l&rsquo;intimit\u00e9 de nos clients sont respect\u00e9es. Nous travaillons dans un syst\u00e8me innovant que nous avons appel\u00e9 le <strong><a href=\"\/vivienda-ecologica-y-sustentable-de-arrendamiento-urbano\/\"><span class=\"goog-text-highlight\">Logement \u00c9cologique et Durable de Location Urbaine\u00ae.<\/span><\/a><\/strong><span class=\"goog-text-highlight\">\u00a0<\/span> Oui.[\/vc_column_text][vc_empty_space height=\u00a0\u00bb20px\u00a0\u00bb][vc_column_text]Notre \u00e9quipe est qualifi\u00e9e pour assister nos clients \u00e0 tout moment. Pour assurer la s\u00e9curit\u00e9 et la confiance des visiteurs, nous sommes assist\u00e9s par une vid\u00e9osurveillance 24h et 7j.[\/vc_column_text][vc_empty_space height=\u00a0\u00bb40px\u00a0\u00bb][\/vc_column][vc_column width=\u00a0\u00bb1\/3&Prime;][vc_single_image image=\u00a0\u00bb1790&Prime; img_size=\u00a0\u00bblarge\u00a0\u00bb qode_css_animation=\u00a0\u00bb\u00a0\u00bb][\/vc_column][\/vc_row][vc_row css_animation=\u00a0\u00bb\u00a0\u00bb row_type=\u00a0\u00bbrow\u00a0\u00bb use_row_as_full_screen_section=\u00a0\u00bbno\u00a0\u00bb type=\u00a0\u00bbfull_width\u00a0\u00bb angled_section=\u00a0\u00bbno\u00a0\u00bb text_align=\u00a0\u00bbleft\u00a0\u00bb background_image_as_pattern=\u00a0\u00bbwithout_pattern\u00a0\u00bb css=\u00a0\u00bb.vc_custom_1532121365773{padding-top: 50px !important;}\u00a0\u00bb z_index=\u00a0\u00bb\u00a0\u00bb][vc_column width=\u00a0\u00bb2\/3&Prime;][vc_single_image image=\u00a0\u00bb129&Prime; img_size=\u00a0\u00bblarge\u00a0\u00bb qode_css_animation=\u00a0\u00bb\u00a0\u00bb][\/vc_column][vc_column width=\u00a0\u00bb1\/3&Prime;][vc_single_image image=\u00a0\u00bb130&Prime; img_size=\u00a0\u00bblarge\u00a0\u00bb qode_css_animation=\u00a0\u00bb\u00a0\u00bb][\/vc_column][\/vc_row]<\/p>\n","protected":false},"excerpt":{"rendered":"<p>[vc_row css_animation=\u00a0\u00bb\u00a0\u00bb row_type=\u00a0\u00bbrow\u00a0\u00bb use_row_as_full_screen_section=\u00a0\u00bbno\u00a0\u00bb type=\u00a0\u00bbfull_width\u00a0\u00bb angled_section=\u00a0\u00bbno\u00a0\u00bb text_align=\u00a0\u00bbleft\u00a0\u00bb background_image_as_pattern=\u00a0\u00bbwithout_pattern\u00a0\u00bb][vc_column width=\u00a0\u00bb2\/3&Prime;][vc_column_text] Chalet del Carmen Coyoac\u00e1n\u00ae [\/vc_column_text][vc_column_text] Registro en el Instituto Mexicano de la Propiedad Industrial (IMPI): 1856731 [\/vc_column_text][vc_empty_space][vc_column_text]Le Chalet del Carmen Coyoac\u00e1n\u00ae Est un concept qui na\u00eet de l&rsquo;union d&rsquo;une suisse et d&rsquo;un mexicain de Coyoacan, amphitryons&#8230;<\/p>\n","protected":false},"author":1,"featured_media":0,"parent":0,"menu_order":0,"comment_status":"closed","ping_status":"closed","template":"","meta":[],"yoast_head":"<!-- This site is optimized with the Yoast SEO plugin v20.5 - https:\/\/yoast.com\/wordpress\/plugins\/seo\/ -->\n<title>Quel est le Chalet? - Chalet del Carmen Coyoac\u00e1n<\/title>\n<meta name=\"robots\" content=\"index, follow, max-snippet:-1, max-image-preview:large, max-video-preview:-1\" \/>\n<link rel=\"canonical\" href=\"https:\/\/www.chaletdelcarmen.com\/fr\/quel-est-le-chalet\/\" \/>\n<meta property=\"og:locale\" content=\"fr_FR\" \/>\n<meta property=\"og:type\" content=\"article\" \/>\n<meta property=\"og:title\" content=\"Quel est le Chalet? - Chalet del Carmen Coyoac\u00e1n\" \/>\n<meta property=\"og:description\" content=\"[vc_row css_animation=\u00a0\u00bb\u00a0\u00bb row_type=\u00a0\u00bbrow\u00a0\u00bb use_row_as_full_screen_section=\u00a0\u00bbno\u00a0\u00bb type=\u00a0\u00bbfull_width\u00a0\u00bb angled_section=\u00a0\u00bbno\u00a0\u00bb text_align=\u00a0\u00bbleft\u00a0\u00bb background_image_as_pattern=\u00a0\u00bbwithout_pattern\u00a0\u00bb][vc_column width=\u00a0\u00bb2\/3&Prime;][vc_column_text] Chalet del Carmen Coyoac\u00e1n\u00ae [\/vc_column_text][vc_column_text] Registro en el Instituto Mexicano de la Propiedad Industrial (IMPI): 1856731 [\/vc_column_text][vc_empty_space][vc_column_text]Le Chalet del Carmen Coyoac\u00e1n\u00ae Est un concept qui na\u00eet de l&rsquo;union d&rsquo;une suisse et d&rsquo;un mexicain de Coyoacan, amphitryons...\" \/>\n<meta property=\"og:url\" content=\"https:\/\/www.chaletdelcarmen.com\/fr\/quel-est-le-chalet\/\" \/>\n<meta property=\"og:site_name\" content=\"Chalet del Carmen Coyoac\u00e1n\" \/>\n<meta property=\"article:publisher\" content=\"https:\/\/www.facebook.com\/Chalet-de-Carmen-835266423225776\/\" \/>\n<meta property=\"article:modified_time\" content=\"2020-01-13T15:32:37+00:00\" \/>\n<meta name=\"twitter:card\" content=\"summary_large_image\" \/>\n<meta name=\"twitter:site\" content=\"@ChaletdelCarmen\" \/>\n<meta name=\"twitter:label1\" content=\"Dur\u00e9e de lecture estim\u00e9e\" \/>\n\t<meta name=\"twitter:data1\" content=\"3 minutes\" \/>\n<script type=\"application\/ld+json\" class=\"yoast-schema-graph\">{\"@context\":\"https:\/\/schema.org\",\"@graph\":[{\"@type\":\"WebPage\",\"@id\":\"https:\/\/www.chaletdelcarmen.com\/fr\/quel-est-le-chalet\/\",\"url\":\"https:\/\/www.chaletdelcarmen.com\/fr\/quel-est-le-chalet\/\",\"name\":\"Quel est le Chalet? - Chalet del Carmen Coyoac\u00e1n\",\"isPartOf\":{\"@id\":\"https:\/\/www.chaletdelcarmen.com\/#website\"},\"datePublished\":\"2018-10-16T22:33:34+00:00\",\"dateModified\":\"2020-01-13T15:32:37+00:00\",\"inLanguage\":\"fr-FR\",\"potentialAction\":[{\"@type\":\"ReadAction\",\"target\":[\"https:\/\/www.chaletdelcarmen.com\/fr\/quel-est-le-chalet\/\"]}]},{\"@type\":\"WebSite\",\"@id\":\"https:\/\/www.chaletdelcarmen.com\/#website\",\"url\":\"https:\/\/www.chaletdelcarmen.com\/\",\"name\":\"Chalet del Carmen Coyoac\u00e1n\",\"description\":\"Vivienda Ecol\u00f3gica y Sustentable de Arrendamiento Urbano\u00ae\",\"potentialAction\":[{\"@type\":\"SearchAction\",\"target\":{\"@type\":\"EntryPoint\",\"urlTemplate\":\"https:\/\/www.chaletdelcarmen.com\/?s={search_term_string}\"},\"query-input\":\"required name=search_term_string\"}],\"inLanguage\":\"fr-FR\"}]}<\/script>\n<!-- \/ Yoast SEO plugin. -->","yoast_head_json":{"title":"Quel est le Chalet? - Chalet del Carmen Coyoac\u00e1n","robots":{"index":"index","follow":"follow","max-snippet":"max-snippet:-1","max-image-preview":"max-image-preview:large","max-video-preview":"max-video-preview:-1"},"canonical":"https:\/\/www.chaletdelcarmen.com\/fr\/quel-est-le-chalet\/","og_locale":"fr_FR","og_type":"article","og_title":"Quel est le Chalet? - Chalet del Carmen Coyoac\u00e1n","og_description":"[vc_row css_animation=\u00a0\u00bb\u00a0\u00bb row_type=\u00a0\u00bbrow\u00a0\u00bb use_row_as_full_screen_section=\u00a0\u00bbno\u00a0\u00bb type=\u00a0\u00bbfull_width\u00a0\u00bb angled_section=\u00a0\u00bbno\u00a0\u00bb text_align=\u00a0\u00bbleft\u00a0\u00bb background_image_as_pattern=\u00a0\u00bbwithout_pattern\u00a0\u00bb][vc_column width=\u00a0\u00bb2\/3&Prime;][vc_column_text] Chalet del Carmen Coyoac\u00e1n\u00ae [\/vc_column_text][vc_column_text] Registro en el Instituto Mexicano de la Propiedad Industrial (IMPI): 1856731 [\/vc_column_text][vc_empty_space][vc_column_text]Le Chalet del Carmen Coyoac\u00e1n\u00ae Est un concept qui na\u00eet de l&rsquo;union d&rsquo;une suisse et d&rsquo;un mexicain de Coyoacan, amphitryons...","og_url":"https:\/\/www.chaletdelcarmen.com\/fr\/quel-est-le-chalet\/","og_site_name":"Chalet del Carmen Coyoac\u00e1n","article_publisher":"https:\/\/www.facebook.com\/Chalet-de-Carmen-835266423225776\/","article_modified_time":"2020-01-13T15:32:37+00:00","twitter_card":"summary_large_image","twitter_site":"@ChaletdelCarmen","twitter_misc":{"Dur\u00e9e de lecture estim\u00e9e":"3 minutes"},"schema":{"@context":"https:\/\/schema.org","@graph":[{"@type":"WebPage","@id":"https:\/\/www.chaletdelcarmen.com\/fr\/quel-est-le-chalet\/","url":"https:\/\/www.chaletdelcarmen.com\/fr\/quel-est-le-chalet\/","name":"Quel est le Chalet? - Chalet del Carmen Coyoac\u00e1n","isPartOf":{"@id":"https:\/\/www.chaletdelcarmen.com\/#website"},"datePublished":"2018-10-16T22:33:34+00:00","dateModified":"2020-01-13T15:32:37+00:00","inLanguage":"fr-FR","potentialAction":[{"@type":"ReadAction","target":["https:\/\/www.chaletdelcarmen.com\/fr\/quel-est-le-chalet\/"]}]},{"@type":"WebSite","@id":"https:\/\/www.chaletdelcarmen.com\/#website","url":"https:\/\/www.chaletdelcarmen.com\/","name":"Chalet del Carmen Coyoac\u00e1n","description":"Vivienda Ecol\u00f3gica y Sustentable de Arrendamiento Urbano\u00ae","potentialAction":[{"@type":"SearchAction","target":{"@type":"EntryPoint","urlTemplate":"https:\/\/www.chaletdelcarmen.com\/?s={search_term_string}"},"query-input":"required name=search_term_string"}],"inLanguage":"fr-FR"}]}},"_links":{"self":[{"href":"https:\/\/www.chaletdelcarmen.com\/fr\/wp-json\/wp\/v2\/pages\/1199"}],"collection":[{"href":"https:\/\/www.chaletdelcarmen.com\/fr\/wp-json\/wp\/v2\/pages"}],"about":[{"href":"https:\/\/www.chaletdelcarmen.com\/fr\/wp-json\/wp\/v2\/types\/page"}],"author":[{"embeddable":true,"href":"https:\/\/www.chaletdelcarmen.com\/fr\/wp-json\/wp\/v2\/users\/1"}],"replies":[{"embeddable":true,"href":"https:\/\/www.chaletdelcarmen.com\/fr\/wp-json\/wp\/v2\/comments?post=1199"}],"version-history":[{"count":6,"href":"https:\/\/www.chaletdelcarmen.com\/fr\/wp-json\/wp\/v2\/pages\/1199\/revisions"}],"predecessor-version":[{"id":1810,"href":"https:\/\/www.chaletdelcarmen.com\/fr\/wp-json\/wp\/v2\/pages\/1199\/revisions\/1810"}],"wp:attachment":[{"href":"https:\/\/www.chaletdelcarmen.com\/fr\/wp-json\/wp\/v2\/media?parent=1199"}],"curies":[{"name":"wp","href":"https:\/\/api.w.org\/{rel}","templated":true}]}}