{"id":1218,"date":"2018-10-17T15:00:33","date_gmt":"2018-10-17T15:00:33","guid":{"rendered":"https:\/\/www.chaletdelcarmen.com\/?page_id=1218"},"modified":"2019-09-23T15:59:10","modified_gmt":"2019-09-23T15:59:10","slug":"lernen-sie-coyoacan-kennen","status":"publish","type":"page","link":"https:\/\/www.chaletdelcarmen.com\/de\/lernen-sie-coyoacan-kennen\/","title":{"rendered":"Lernen Sie Coyoacan kennen"},"content":{"rendered":"<p>[vc_row css_animation=&#8220;&#8220; row_type=&#8220;row&#8220; use_row_as_full_screen_section=&#8220;no&#8220; type=&#8220;full_width&#8220; angled_section=&#8220;no&#8220; text_align=&#8220;left&#8220; background_image_as_pattern=&#8220;without_pattern&#8220; z_index=&#8220;&#8220;][vc_column width=&#8220;2\/3&#8243;][vc_column_text]<\/p>\n<h2>Museen und Empfehlungen<\/h2>\n<p>[\/vc_column_text][vc_empty_space][vc_column_text]Das Stadtviertel Coyoac\u00e1n bietet viele historische und kulturelle Sehensw\u00fcrdigkeiten, aber auch kulinarische Erfahrungen. Ohne zu \u00fcbertreiben kann das kulturelle Leben von Coyoac\u00e1n bez\u00fcglich Vielf\u00e4ltigkeit, Ausmass und Qualit\u00e4t als eines der f\u00fchrenden in Lateinamerika und sogar Iberoamerikas bezeichnet werden.[\/vc_column_text][vc_empty_space height=&#8220;20px&#8220;][vc_column_text]Zus\u00e4tzlich zur historischen Bedeutung war Coyoac\u00e1n Geburtsort als auch R\u00fcckzugsort wichtiger Denker, Politiker, K\u00fcnstler und Pers\u00f6nlichkeiten des \u00f6ffentlichen Lebens. Ihrer Pr\u00e4senz kann heute noch in Winkeln und Gassen nachgesp\u00fcrt werden. In dreimin\u00fctiger Gehdistanz zum Chalet befindet sich das Casa Azul von Frida Kahlo, aber auch der grosse Park Los Viveros de Coyoac\u00e1n.<span class=\"\">Vom Chalet k\u00f6nnen Sie zu\u00a0<\/span><span class=\"\">Fu\u00df:\u00a0Der Ort ist ideal um Sport zu treiben, zu spazieren, zu lesen oder sich zu erholen.<\/span>[\/vc_column_text][vc_empty_space height=&#8220;20px&#8220;][vc_column_text]Wenige Minuten vom Frida Kahlo Museum finden sich die Theater El Habito, La Capilla und das Coyoac\u00e1n Theater. Viele Restaurants, Kaffeeh\u00e4user, Bistros und Bars befriedigen die vielf\u00e4ltigsten kulinarischen W\u00fcnsche, sei es nach typisch mexikanischem Essen oder international gepr\u00e4gten Men\u00fcs. Die Verwaltung als auch der Empfang helfen sehr gerne weiter mit Ausk\u00fcnften und Empfehlungen. [\/vc_column_text][vc_empty_space height=&#8220;20px&#8220;][vc_column_text]Nur ungef\u00e4hr zehn Minuten entfernt vom Chalet liegen das historische Zentrum Coyoac\u00e1ns, die grossen Markthallen mit Lebensmittel-, Haushalt- und Kleiderl\u00e4den als auch Verpflegungsm\u00f6glichkeiten, die Untergrundstation Coyoacan hinter dem Park Viveros, das Centro de Arte Dram\u00e1tico, La Casa del Teatro, das Einkaufszentrum Plaza Coyoac\u00e1n, das Leo Trotzki Museum, das Hugo Arguelles Theater als auch die Cineteca Nacional.[\/vc_column_text][vc_empty_space height=&#8220;20px&#8220;][vc_column_text]Etwas weiter entfernt, f\u00fcnfzehn bis dreissig Gehminuten von der Plaza Conchita und Santa Catarina, befinden sich La Alberca Olimpica, The National Center for the Arts, The National School of Music, The Superior School of Music, die Theater Coyoac\u00e1n, Ramiro Jimenez und das Foro Rodolfo Usigli. An der wundersch\u00f6nen historischen Strasse Francisco Sosa befinden sich das Instituto Italiano de Cultura, das Kulturzentrum Los Talleres, La Casa de la Cultura Coyoac\u00e1n \u00abJes\u00fas Reyes Heroles\u00bb, Gleich daneben liegen das Nationale Aquarell-Museum, das Museum \u00abAnahuacalli\u00bb von Diego Rivera mit seiner bedeutenden Sammlung indigener Kunst.[\/vc_column_text][vc_empty_space height=&#8220;20px&#8220;][\/vc_column][vc_column width=&#8220;1\/3&#8243;][vc_single_image image=&#8220;412&#8243; img_size=&#8220;large&#8220; qode_css_animation=&#8220;&#8220;][vc_empty_space height=&#8220;20px&#8220;][vc_single_image image=&#8220;406&#8243; img_size=&#8220;large&#8220; qode_css_animation=&#8220;&#8220;][\/vc_column][\/vc_row][vc_row css_animation=&#8220;&#8220; row_type=&#8220;row&#8220; use_row_as_full_screen_section=&#8220;no&#8220; type=&#8220;full_width&#8220; angled_section=&#8220;no&#8220; text_align=&#8220;left&#8220; background_image_as_pattern=&#8220;without_pattern&#8220; css=&#8220;.vc_custom_1532122897343{padding-top: 50px !important;}&#8220; z_index=&#8220;&#8220;][vc_column width=&#8220;2\/3&#8243;][vc_single_image image=&#8220;409&#8243; img_size=&#8220;large&#8220; qode_css_animation=&#8220;&#8220;][vc_empty_space][vc_column_text]Coyoac\u00e1n liegt neben dem ebenfalls malerischen Stadtteil San Ang\u00e9l mit seinen verwinkelten Gassen. Dort befinden sich das Instituto y Teatro H\u00e9lenico, Las Salas Nezahualc\u00f3yotl, Ollin Yolitzli. Zusammen mit San Ang\u00e9l beherbergt Coyoac\u00e1n die ber\u00fchmte Universit\u00e4t UNAM. Die Pyramiden von Cuicuilco liegen im benachbarten Ort Tlalpan.[\/vc_column_text][vc_empty_space height=&#8220;20px&#8220;][vc_column_text]Die Fahrzeit vom Flughafen Mexiko-Stadt betr\u00e4gt je nach Tageszeit dreissig bis sechzig Minuten.[\/vc_column_text][vc_empty_space height=&#8220;20px&#8220;][vc_column_text]Die Ben\u00fctzung des Turibus ist eine ausgezeichnete M\u00f6glichkeit, um die Hauptsehensw\u00fcrdigkeiten im s\u00fcdlichen Teil von Mexiko-Stadt zu besichtigen. Die n\u00e4chste Haltestelle findet sich beim Frida Kahlo Museum, nur wenige Gehminuten vom Chalet entfernt.[\/vc_column_text][vc_empty_space height=&#8220;20px&#8220;][vc_column_text]Eine weitere M\u00f6glichkeit, die verborgenen Winkel Coyoacans kennen zu lernen, ist eine Fahrt mit der Tranvi\u00e1 Turistico. Die Rundfahrt beginnt beim Plaza Hidalgo, dem Z\u00f3calo Coyoacans. Besonders empfehlenswert sind die n\u00e4chtlichen Rundfahrten.[\/vc_column_text][vc_empty_space height=&#8220;20px&#8220;][\/vc_column][vc_column width=&#8220;1\/3&#8243;][vc_single_image image=&#8220;407&#8243; img_size=&#8220;large&#8220; qode_css_animation=&#8220;&#8220;][vc_empty_space height=&#8220;20px&#8220;][vc_single_image image=&#8220;145&#8243; img_size=&#8220;large&#8220; qode_css_animation=&#8220;&#8220;][\/vc_column][\/vc_row][vc_row css_animation=&#8220;&#8220; row_type=&#8220;row&#8220; use_row_as_full_screen_section=&#8220;no&#8220; type=&#8220;grid&#8220; angled_section=&#8220;no&#8220; text_align=&#8220;left&#8220; background_image_as_pattern=&#8220;without_pattern&#8220; padding_top=&#8220;60&#8243; z_index=&#8220;&#8220;][vc_column width=&#8220;1\/3&#8243;]<div class='q_icon_with_title medium circle center '><div class=\"icon_holder \" style=\" \"><span data-icon-type=\"circle\" data-icon-hover-color=\"#ffffff\"  class=\"qode_iwt_icon_holder fa-stack fa-3x  \" style=\"border-color: #b19f6a;\"><i class=\"qode_icon_font_awesome fa fa-check qode_iwt_icon_element\" style=\"color: #b19f6a;\" ><\/i><\/span><\/div><div class=\"icon_text_holder\" style=\"\"><div class=\"icon_text_inner\" style=\"\"><h4 class=\"icon_title\" style=\"font-weight: 700;\">Jetzt buchen<\/h4><p style=''><\/p><a itemprop='url' class='icon_with_title_link' href='#' target='_self' style='color: #b19f6a;'>+ info<\/a><\/div><\/div><\/div>[\/vc_column][vc_column width=&#8220;1\/3&#8243;]<div class='q_icon_with_title medium circle center '><div class=\"icon_holder \" style=\" \"><a itemprop=\"url\" href=\"https:\/\/www.chaletdelcarmen.com\/de\/suites-und-zimmer\/\" target=\"\" class=\"q_icon_link\"><span data-icon-type=\"circle\" data-icon-hover-color=\"#ffffff\"  class=\"qode_iwt_icon_holder fa-stack fa-3x  \" style=\"border-color: #b19f6a;\"><i class=\"qode_icon_font_awesome fa fa-bed qode_iwt_icon_element\" style=\"color: #b19f6a;\" ><\/i><\/span><\/a><\/div><div class=\"icon_text_holder\" style=\"\"><div class=\"icon_text_inner\" style=\"\"><h4 class=\"icon_title\" style=\"font-weight: 700;\">Suites &amp; Rooms<\/h4><p style=''><\/p><a itemprop='url' class='icon_with_title_link' href='https:\/\/www.chaletdelcarmen.com\/de\/suites-und-zimmer\/' target='_self' style='color: #b19f6a;'>+ info<\/a><\/div><\/div><\/div>[\/vc_column][vc_column width=&#8220;1\/3&#8243;]<div class='q_icon_with_title medium circle center '><div class=\"icon_holder \" style=\" \"><a itemprop=\"url\" href=\"\/certificado-de-cumplimiento-ambiental\/\" target=\"\" class=\"q_icon_link\"><span data-icon-type=\"circle\" data-icon-hover-color=\"#ffffff\"  class=\"qode_iwt_icon_holder fa-stack fa-3x  \" style=\"border-color: #b19f6a;\"><i class=\"qode_icon_font_awesome fa fa-star qode_iwt_icon_element\" style=\"color: #b19f6a;\" ><\/i><\/span><\/a><\/div><div class=\"icon_text_holder\" style=\"\"><div class=\"icon_text_inner\" style=\"\"><h4 class=\"icon_title\" style=\"font-weight: 700;\">Zertifikat<\/h4><p style=''>Umwelt Nachhaltigkeits<\/p><a itemprop='url' class='icon_with_title_link' href='\/certificado-de-cumplimiento-ambiental\/' target='_self' style='color: #b19f6a;'>+ info<\/a><\/div><\/div><\/div>[\/vc_column][\/vc_row][vc_row css_animation=&#8220;&#8220; row_type=&#8220;row&#8220; use_row_as_full_screen_section=&#8220;no&#8220; type=&#8220;full_width&#8220; angled_section=&#8220;no&#8220; text_align=&#8220;left&#8220; background_image_as_pattern=&#8220;without_pattern&#8220;][vc_column][vc_separator type=&#8220;normal&#8220; color=&#8220;#6a2a1f&#8220; up=&#8220;20&#8243; down=&#8220;20&#8243;][\/vc_column][\/vc_row][vc_row css_animation=&#8220;&#8220; row_type=&#8220;row&#8220; use_row_as_full_screen_section=&#8220;no&#8220; type=&#8220;grid&#8220; angled_section=&#8220;no&#8220; text_align=&#8220;center&#8220; background_image_as_pattern=&#8220;without_pattern&#8220; padding_top=&#8220;60&#8243; padding_bottom=&#8220;60&#8243; z_index=&#8220;&#8220;][vc_column][vc_column_text]<\/p>\n<h3 class=\"p1\"><span class=\"s1\">Sie k\u00f6nnen auch buchen:<\/span><\/h3>\n<p>[\/vc_column_text][vc_empty_space height=&#8220;35px&#8220;][vc_row_inner row_type=&#8220;row&#8220; type=&#8220;full_width&#8220; text_align=&#8220;left&#8220; css_animation=&#8220;&#8220;][vc_column_inner width=&#8220;1\/6&#8243; offset=&#8220;vc_col-xs-6&#8243;][vc_single_image image=&#8220;100&#8243; img_size=&#8220;large&#8220; alignment=&#8220;center&#8220; onclick=&#8220;custom_link&#8220; img_link_target=&#8220;_blank&#8220; qode_css_animation=&#8220;&#8220; link=&#8220;https:\/\/www.airbnb.mx\/rooms\/3874727?s=G_oX&#8220;][vc_empty_space height=&#8220;15px&#8220;][\/vc_column_inner][vc_column_inner width=&#8220;1\/6&#8243; offset=&#8220;vc_col-xs-6&#8243;][vc_single_image image=&#8220;102&#8243; img_size=&#8220;large&#8220; alignment=&#8220;center&#8220; onclick=&#8220;custom_link&#8220; img_link_target=&#8220;_blank&#8220; qode_css_animation=&#8220;&#8220; link=&#8220;https:\/\/www.booking.com\/hotel\/mx\/chalet-del-carmen-coyoacan.es.html?sid=121ac2517eb85786db16779c845c80d0;dcid=4;dist=0;group_adults=2;room1=A,A;sb_price_type=total;srfid=3e8bdc92bc944017237793a35cf221695b51c557X19;type=total;ucfs=1&amp;&#8220;][vc_empty_space height=&#8220;15px&#8220;][\/vc_column_inner][vc_column_inner width=&#8220;1\/6&#8243; offset=&#8220;vc_col-xs-6&#8243;][vc_single_image image=&#8220;104&#8243; img_size=&#8220;large&#8220; alignment=&#8220;center&#8220; onclick=&#8220;custom_link&#8220; img_link_target=&#8220;_blank&#8220; qode_css_animation=&#8220;&#8220; link=&#8220;https:\/\/www.despegar.com.mx\/search\/hotel\/4474\/2015-09-24\/2015-09-26\/2?from=SB&amp;hotelOid=561859&amp;fromDetail=true&amp;trackFrom=hotel&#8220;][vc_empty_space height=&#8220;15px&#8220;][\/vc_column_inner][vc_column_inner width=&#8220;1\/6&#8243; offset=&#8220;vc_col-xs-6&#8243;][vc_single_image image=&#8220;106&#8243; img_size=&#8220;large&#8220; alignment=&#8220;center&#8220; onclick=&#8220;custom_link&#8220; img_link_target=&#8220;_blank&#8220; qode_css_animation=&#8220;&#8220; link=&#8220;https:\/\/www.trivago.com.mx\/?iPathId=51247&amp;bDispMoreFilter=false&amp;iSlideOutItem=3223692&amp;aDateRange`{`arr`}`=2015-10-11&amp;aDateRange`{`dep`}`=2015-10-12&amp;aCategoryRange=0,1,2,3,4,5&amp;iRoomType=7&amp;sOrderBy=relevance%20desc&amp;aPartner=&amp;aOverallLiking=1,2,3,4,5&amp;iGeoDistanceLimit=20000&amp;iOffset=0&amp;iIncludeAll=0&amp;bTopDealsOnly=false&amp;iViewType=0&amp;aPriceRange`{`from`}`=0&amp;aPriceRange`{`to`}`=0&amp;iGeoDistanceItem=3223692&amp;aGeoCode`{`lng`}`=-99.115089&amp;aGeoCode`{`lat`}`=19.340511&amp;bIsSeoPage=false&amp;mgo=false&amp;bHotelTestContext=false&amp;th=false&amp;aHotelTestClassifier=&amp;bSharedRooms=false&amp;bIsSitemap=false&amp;rp=&amp;sSemKeywordInfo=&amp;tgs=322369202&amp;bRecommendedItem=false&amp;iFilterTab=0&amp;&#8220;][vc_empty_space height=&#8220;15px&#8220;][\/vc_column_inner][vc_column_inner width=&#8220;1\/6&#8243; offset=&#8220;vc_col-xs-6&#8243;][vc_single_image image=&#8220;108&#8243; img_size=&#8220;large&#8220; alignment=&#8220;center&#8220; onclick=&#8220;custom_link&#8220; img_link_target=&#8220;_blank&#8220; qode_css_animation=&#8220;&#8220; link=&#8220;https:\/\/www.tripadvisor.com.mx\/Hotel_Review-g150800-d3291226-Reviews-Chalet_del_Carmen-Mexico_City_Central_Mexico_and_Gulf_Coast.html&#8220;][vc_empty_space height=&#8220;15px&#8220;][\/vc_column_inner][vc_column_inner width=&#8220;1\/6&#8243; offset=&#8220;vc_col-xs-6&#8243;][vc_single_image image=&#8220;110&#8243; img_size=&#8220;large&#8220; alignment=&#8220;center&#8220; onclick=&#8220;custom_link&#8220; img_link_target=&#8220;_blank&#8220; qode_css_animation=&#8220;&#8220; link=&#8220;https:\/\/www.expedia.mx\/Mexico-City-Hoteles-Chalet-Del-Carmen-Coyoacan.h20393109.Informacion-Hotel?chkin=07%2F11%2F2017&amp;chkout=08%2F11%2F2017&amp;rm1=a2&amp;regionId=0&amp;hwrqCacheKey=76bc08a4-aceb-48b6-8b00-60f98e6134e3HWRQ1510070541247&amp;vip=false&amp;c=cfe57f9e-883b-4caf-985f-4d5e17487b1b&amp;&#8220;][vc_empty_space height=&#8220;15px&#8220;][\/vc_column_inner][\/vc_row_inner][\/vc_column][\/vc_row]<\/p>\n","protected":false},"excerpt":{"rendered":"<p>[vc_row css_animation=&#8220;&#8220; row_type=&#8220;row&#8220; use_row_as_full_screen_section=&#8220;no&#8220; type=&#8220;full_width&#8220; angled_section=&#8220;no&#8220; text_align=&#8220;left&#8220; background_image_as_pattern=&#8220;without_pattern&#8220; z_index=&#8220;&#8220;][vc_column width=&#8220;2\/3&#8243;][vc_column_text] Museen und Empfehlungen [\/vc_column_text][vc_empty_space][vc_column_text]Das Stadtviertel Coyoac\u00e1n bietet viele historische und kulturelle Sehensw\u00fcrdigkeiten, aber auch kulinarische Erfahrungen. Ohne zu \u00fcbertreiben kann das kulturelle Leben von Coyoac\u00e1n bez\u00fcglich Vielf\u00e4ltigkeit, Ausmass und Qualit\u00e4t als eines der f\u00fchrenden in&#8230;<\/p>\n","protected":false},"author":1,"featured_media":0,"parent":0,"menu_order":0,"comment_status":"closed","ping_status":"closed","template":"","meta":[],"yoast_head":"<!-- This site is optimized with the Yoast SEO plugin v20.5 - https:\/\/yoast.com\/wordpress\/plugins\/seo\/ -->\n<title>Lernen Sie Coyoacan kennen - Chalet del Carmen Coyoac\u00e1n<\/title>\n<meta name=\"robots\" content=\"index, follow, max-snippet:-1, max-image-preview:large, max-video-preview:-1\" \/>\n<link rel=\"canonical\" href=\"https:\/\/www.chaletdelcarmen.com\/de\/lernen-sie-coyoacan-kennen\/\" \/>\n<meta property=\"og:locale\" content=\"de_DE\" \/>\n<meta property=\"og:type\" content=\"article\" \/>\n<meta property=\"og:title\" content=\"Lernen Sie Coyoacan kennen - Chalet del Carmen Coyoac\u00e1n\" \/>\n<meta property=\"og:description\" content=\"[vc_row css_animation=&#8220;&#8220; row_type=&#8220;row&#8220; use_row_as_full_screen_section=&#8220;no&#8220; type=&#8220;full_width&#8220; angled_section=&#8220;no&#8220; text_align=&#8220;left&#8220; background_image_as_pattern=&#8220;without_pattern&#8220; z_index=&#8220;&#8220;][vc_column width=&#8220;2\/3&#8243;][vc_column_text] Museen und Empfehlungen [\/vc_column_text][vc_empty_space][vc_column_text]Das Stadtviertel Coyoac\u00e1n bietet viele historische und kulturelle Sehensw\u00fcrdigkeiten, aber auch kulinarische Erfahrungen. Ohne zu \u00fcbertreiben kann das kulturelle Leben von Coyoac\u00e1n bez\u00fcglich Vielf\u00e4ltigkeit, Ausmass und Qualit\u00e4t als eines der f\u00fchrenden in...\" \/>\n<meta property=\"og:url\" content=\"https:\/\/www.chaletdelcarmen.com\/de\/lernen-sie-coyoacan-kennen\/\" \/>\n<meta property=\"og:site_name\" content=\"Chalet del Carmen Coyoac\u00e1n\" \/>\n<meta property=\"article:publisher\" content=\"https:\/\/www.facebook.com\/Chalet-de-Carmen-835266423225776\/\" \/>\n<meta property=\"article:modified_time\" content=\"2019-09-23T15:59:10+00:00\" \/>\n<meta name=\"twitter:card\" content=\"summary_large_image\" \/>\n<meta name=\"twitter:site\" content=\"@ChaletdelCarmen\" \/>\n<meta name=\"twitter:label1\" content=\"Gesch\u00e4tzte Lesezeit\" \/>\n\t<meta name=\"twitter:data1\" content=\"8\u00a0Minuten\" \/>\n<script type=\"application\/ld+json\" class=\"yoast-schema-graph\">{\"@context\":\"https:\/\/schema.org\",\"@graph\":[{\"@type\":\"WebPage\",\"@id\":\"https:\/\/www.chaletdelcarmen.com\/de\/lernen-sie-coyoacan-kennen\/\",\"url\":\"https:\/\/www.chaletdelcarmen.com\/de\/lernen-sie-coyoacan-kennen\/\",\"name\":\"Lernen Sie Coyoacan kennen - Chalet del Carmen Coyoac\u00e1n\",\"isPartOf\":{\"@id\":\"https:\/\/www.chaletdelcarmen.com\/#website\"},\"datePublished\":\"2018-10-17T15:00:33+00:00\",\"dateModified\":\"2019-09-23T15:59:10+00:00\",\"inLanguage\":\"de\",\"potentialAction\":[{\"@type\":\"ReadAction\",\"target\":[\"https:\/\/www.chaletdelcarmen.com\/de\/lernen-sie-coyoacan-kennen\/\"]}]},{\"@type\":\"WebSite\",\"@id\":\"https:\/\/www.chaletdelcarmen.com\/#website\",\"url\":\"https:\/\/www.chaletdelcarmen.com\/\",\"name\":\"Chalet del Carmen Coyoac\u00e1n\",\"description\":\"Vivienda Ecol\u00f3gica y Sustentable de Arrendamiento Urbano\u00ae\",\"potentialAction\":[{\"@type\":\"SearchAction\",\"target\":{\"@type\":\"EntryPoint\",\"urlTemplate\":\"https:\/\/www.chaletdelcarmen.com\/?s={search_term_string}\"},\"query-input\":\"required name=search_term_string\"}],\"inLanguage\":\"de\"}]}<\/script>\n<!-- \/ Yoast SEO plugin. -->","yoast_head_json":{"title":"Lernen Sie Coyoacan kennen - Chalet del Carmen Coyoac\u00e1n","robots":{"index":"index","follow":"follow","max-snippet":"max-snippet:-1","max-image-preview":"max-image-preview:large","max-video-preview":"max-video-preview:-1"},"canonical":"https:\/\/www.chaletdelcarmen.com\/de\/lernen-sie-coyoacan-kennen\/","og_locale":"de_DE","og_type":"article","og_title":"Lernen Sie Coyoacan kennen - Chalet del Carmen Coyoac\u00e1n","og_description":"[vc_row css_animation=&#8220;&#8220; row_type=&#8220;row&#8220; use_row_as_full_screen_section=&#8220;no&#8220; type=&#8220;full_width&#8220; angled_section=&#8220;no&#8220; text_align=&#8220;left&#8220; background_image_as_pattern=&#8220;without_pattern&#8220; z_index=&#8220;&#8220;][vc_column width=&#8220;2\/3&#8243;][vc_column_text] Museen und Empfehlungen [\/vc_column_text][vc_empty_space][vc_column_text]Das Stadtviertel Coyoac\u00e1n bietet viele historische und kulturelle Sehensw\u00fcrdigkeiten, aber auch kulinarische Erfahrungen. Ohne zu \u00fcbertreiben kann das kulturelle Leben von Coyoac\u00e1n bez\u00fcglich Vielf\u00e4ltigkeit, Ausmass und Qualit\u00e4t als eines der f\u00fchrenden in...","og_url":"https:\/\/www.chaletdelcarmen.com\/de\/lernen-sie-coyoacan-kennen\/","og_site_name":"Chalet del Carmen Coyoac\u00e1n","article_publisher":"https:\/\/www.facebook.com\/Chalet-de-Carmen-835266423225776\/","article_modified_time":"2019-09-23T15:59:10+00:00","twitter_card":"summary_large_image","twitter_site":"@ChaletdelCarmen","twitter_misc":{"Gesch\u00e4tzte Lesezeit":"8\u00a0Minuten"},"schema":{"@context":"https:\/\/schema.org","@graph":[{"@type":"WebPage","@id":"https:\/\/www.chaletdelcarmen.com\/de\/lernen-sie-coyoacan-kennen\/","url":"https:\/\/www.chaletdelcarmen.com\/de\/lernen-sie-coyoacan-kennen\/","name":"Lernen Sie Coyoacan kennen - Chalet del Carmen Coyoac\u00e1n","isPartOf":{"@id":"https:\/\/www.chaletdelcarmen.com\/#website"},"datePublished":"2018-10-17T15:00:33+00:00","dateModified":"2019-09-23T15:59:10+00:00","inLanguage":"de","potentialAction":[{"@type":"ReadAction","target":["https:\/\/www.chaletdelcarmen.com\/de\/lernen-sie-coyoacan-kennen\/"]}]},{"@type":"WebSite","@id":"https:\/\/www.chaletdelcarmen.com\/#website","url":"https:\/\/www.chaletdelcarmen.com\/","name":"Chalet del Carmen Coyoac\u00e1n","description":"Vivienda Ecol\u00f3gica y Sustentable de Arrendamiento Urbano\u00ae","potentialAction":[{"@type":"SearchAction","target":{"@type":"EntryPoint","urlTemplate":"https:\/\/www.chaletdelcarmen.com\/?s={search_term_string}"},"query-input":"required name=search_term_string"}],"inLanguage":"de"}]}},"_links":{"self":[{"href":"https:\/\/www.chaletdelcarmen.com\/de\/wp-json\/wp\/v2\/pages\/1218"}],"collection":[{"href":"https:\/\/www.chaletdelcarmen.com\/de\/wp-json\/wp\/v2\/pages"}],"about":[{"href":"https:\/\/www.chaletdelcarmen.com\/de\/wp-json\/wp\/v2\/types\/page"}],"author":[{"embeddable":true,"href":"https:\/\/www.chaletdelcarmen.com\/de\/wp-json\/wp\/v2\/users\/1"}],"replies":[{"embeddable":true,"href":"https:\/\/www.chaletdelcarmen.com\/de\/wp-json\/wp\/v2\/comments?post=1218"}],"version-history":[{"count":6,"href":"https:\/\/www.chaletdelcarmen.com\/de\/wp-json\/wp\/v2\/pages\/1218\/revisions"}],"predecessor-version":[{"id":1704,"href":"https:\/\/www.chaletdelcarmen.com\/de\/wp-json\/wp\/v2\/pages\/1218\/revisions\/1704"}],"wp:attachment":[{"href":"https:\/\/www.chaletdelcarmen.com\/de\/wp-json\/wp\/v2\/media?parent=1218"}],"curies":[{"name":"wp","href":"https:\/\/api.w.org\/{rel}","templated":true}]}}