{"id":1203,"date":"2018-10-16T22:43:52","date_gmt":"2018-10-16T22:43:52","guid":{"rendered":"https:\/\/www.chaletdelcarmen.com\/?page_id=1203"},"modified":"2020-01-13T15:33:42","modified_gmt":"2020-01-13T15:33:42","slug":"was-ist-das-chalet","status":"publish","type":"page","link":"https:\/\/www.chaletdelcarmen.com\/de\/was-ist-das-chalet\/","title":{"rendered":"Was ist das Chalet?"},"content":{"rendered":"<p>[vc_row css_animation=&#8220;&#8220; row_type=&#8220;row&#8220; use_row_as_full_screen_section=&#8220;no&#8220; type=&#8220;full_width&#8220; angled_section=&#8220;no&#8220; text_align=&#8220;left&#8220; background_image_as_pattern=&#8220;without_pattern&#8220;][vc_column width=&#8220;2\/3&#8243;][vc_column_text]<\/p>\n<h2>Chalet del Carmen Coyoac\u00e1n\u00ae<\/h2>\n<p>[\/vc_column_text][vc_column_text]<\/p>\n<h4>Registro en el Instituto Mexicano de la Propiedad Industrial (IMPI): 1856731<\/h4>\n<p>[\/vc_column_text][vc_empty_space][vc_column_text]Ist entstanden aus den gemeinsamen Ideen einer Schweizerin und eines Mexikaners aus Coyoacan. Als ausgezeichnete und begeisterte Gastgeber entschieden sich die beiden, ihr Haus G\u00e4sten aus aller Welt zu \u00f6ffnen. Die Pension wird sowohl nach europ\u00e4ischen als auch mexikanischen Grunds\u00e4tzen gef\u00fchrt: Einfachheit, Komfort, Sauberkeit, Zweckm\u00e4ssigkeit und nicht zuletzt lateinamerikanische Gastfreundschaft werden grossgeschrieben.<\/p>\n<p>[\/vc_column_text][vc_empty_space height=&#8220;20px&#8220;][vc_column_text]<em>Es ist auch ein \u00f6kologisches Haus. Wo immer m\u00f6glich wurden Wasserverbrauch, Beleuchtung und nat\u00fcrliche Bel\u00fcftung in die Gestaltung der R\u00e4ume einbezogen. Reinigung und Mineralisierung von Trinkwasser, Sonnenkollektoren f\u00fcr die Warmwasseraufbereitung als auch Photovoltaikzellen reduzieren den Energieverbrauch. Abf\u00e4lle werden separiert und wassersparende Massnahmen implementier.<\/em>[\/vc_column_text][vc_empty_space height=&#8220;20px&#8220;][vc_column_text]Das <strong>Chalet del Carmen<\/strong> ist ein traditionelles st\u00e4dtisches Haus in einer typischen Nachbarschaft Coyoacans, Mexiko-Stadt. Seine Dimensionen, Proportionen und Ausgestaltung sind passend zur Umgebung gebaut worden.[\/vc_column_text][vc_empty_space height=&#8220;20px&#8220;][\/vc_column][vc_column width=&#8220;1\/3&#8243;][vc_single_image image=&#8220;127&#8243; img_size=&#8220;large&#8220; qode_css_animation=&#8220;&#8220;][\/vc_column][\/vc_row][vc_row css_animation=&#8220;&#8220; row_type=&#8220;row&#8220; use_row_as_full_screen_section=&#8220;no&#8220; type=&#8220;full_width&#8220; angled_section=&#8220;no&#8220; text_align=&#8220;left&#8220; background_image_as_pattern=&#8220;without_pattern&#8220; css=&#8220;.vc_custom_1532121665138{padding-top: 50px !important;}&#8220; z_index=&#8220;&#8220;][vc_column width=&#8220;2\/3&#8243;][vc_column_text]Die sechs Zimmer und zwei Suiten als auch andere Aufenthaltsorte wurden individuell und pers\u00f6nlich gestaltet. Sie geben dem Chalet eine einmalige Atmosph\u00e4re passend zur gr\u00fcnen Umgebung.[\/vc_column_text][vc_empty_space height=&#8220;20px&#8220;][vc_column_text]Die Qualit\u00e4t unserer Dienstleistungen wird getragen von der W\u00e4rme lateinamerikanischer Gastfreundschaft. Die Individualit\u00e4t als auch die Privatsph\u00e4re unserer G\u00e4ste wird respektiert. Wir arbeiten mit dem innovativen Prozess <strong><a href=\"\/vivienda-ecologica-y-sustentable-de-arrendamiento-urbano\/\">\u00d6kologisch und nachhaltig gef\u00fchrte st\u00e4dtische Unterkunft\u00ae \u00bb.<\/a><\/strong> Ja.[\/vc_column_text][vc_empty_space height=&#8220;20px&#8220;][vc_column_text]Unser Team ist qualifiziert, unseren G\u00e4sten jederzeit behilflich zu sein. Um die Sicherheit und das Vertrauen der Besucher zu gew\u00e4hrleisten werden wir durch eine 24\/7 Video\u00fcberwachung unterst\u00fctzt.[\/vc_column_text][vc_empty_space height=&#8220;40px&#8220;][\/vc_column][vc_column width=&#8220;1\/3&#8243;][vc_single_image image=&#8220;1791&#8243; img_size=&#8220;large&#8220; qode_css_animation=&#8220;&#8220;][\/vc_column][\/vc_row][vc_row css_animation=&#8220;&#8220; row_type=&#8220;row&#8220; use_row_as_full_screen_section=&#8220;no&#8220; type=&#8220;full_width&#8220; angled_section=&#8220;no&#8220; text_align=&#8220;left&#8220; background_image_as_pattern=&#8220;without_pattern&#8220; css=&#8220;.vc_custom_1532121365773{padding-top: 50px !important;}&#8220; z_index=&#8220;&#8220;][vc_column width=&#8220;2\/3&#8243;][vc_single_image image=&#8220;129&#8243; img_size=&#8220;large&#8220; qode_css_animation=&#8220;&#8220;][\/vc_column][vc_column width=&#8220;1\/3&#8243;][vc_single_image image=&#8220;130&#8243; img_size=&#8220;large&#8220; qode_css_animation=&#8220;&#8220;][\/vc_column][\/vc_row]<\/p>\n","protected":false},"excerpt":{"rendered":"<p>[vc_row css_animation=&#8220;&#8220; row_type=&#8220;row&#8220; use_row_as_full_screen_section=&#8220;no&#8220; type=&#8220;full_width&#8220; angled_section=&#8220;no&#8220; text_align=&#8220;left&#8220; background_image_as_pattern=&#8220;without_pattern&#8220;][vc_column width=&#8220;2\/3&#8243;][vc_column_text] Chalet del Carmen Coyoac\u00e1n\u00ae [\/vc_column_text][vc_column_text] Registro en el Instituto Mexicano de la Propiedad Industrial (IMPI): 1856731 [\/vc_column_text][vc_empty_space][vc_column_text]Ist entstanden aus den gemeinsamen Ideen einer Schweizerin und eines Mexikaners aus Coyoacan. Als ausgezeichnete und begeisterte Gastgeber entschieden sich&#8230;<\/p>\n","protected":false},"author":1,"featured_media":0,"parent":0,"menu_order":0,"comment_status":"closed","ping_status":"closed","template":"","meta":[],"yoast_head":"<!-- This site is optimized with the Yoast SEO plugin v20.5 - https:\/\/yoast.com\/wordpress\/plugins\/seo\/ -->\n<title>Was ist das Chalet? - Chalet del Carmen Coyoac\u00e1n<\/title>\n<meta name=\"robots\" content=\"index, follow, max-snippet:-1, max-image-preview:large, max-video-preview:-1\" \/>\n<link rel=\"canonical\" href=\"https:\/\/www.chaletdelcarmen.com\/de\/was-ist-das-chalet\/\" \/>\n<meta property=\"og:locale\" content=\"de_DE\" \/>\n<meta property=\"og:type\" content=\"article\" \/>\n<meta property=\"og:title\" content=\"Was ist das Chalet? - Chalet del Carmen Coyoac\u00e1n\" \/>\n<meta property=\"og:description\" content=\"[vc_row css_animation=&#8220;&#8220; row_type=&#8220;row&#8220; use_row_as_full_screen_section=&#8220;no&#8220; type=&#8220;full_width&#8220; angled_section=&#8220;no&#8220; text_align=&#8220;left&#8220; background_image_as_pattern=&#8220;without_pattern&#8220;][vc_column width=&#8220;2\/3&#8243;][vc_column_text] Chalet del Carmen Coyoac\u00e1n\u00ae [\/vc_column_text][vc_column_text] Registro en el Instituto Mexicano de la Propiedad Industrial (IMPI): 1856731 [\/vc_column_text][vc_empty_space][vc_column_text]Ist entstanden aus den gemeinsamen Ideen einer Schweizerin und eines Mexikaners aus Coyoacan. Als ausgezeichnete und begeisterte Gastgeber entschieden sich...\" \/>\n<meta property=\"og:url\" content=\"https:\/\/www.chaletdelcarmen.com\/de\/was-ist-das-chalet\/\" \/>\n<meta property=\"og:site_name\" content=\"Chalet del Carmen Coyoac\u00e1n\" \/>\n<meta property=\"article:publisher\" content=\"https:\/\/www.facebook.com\/Chalet-de-Carmen-835266423225776\/\" \/>\n<meta property=\"article:modified_time\" content=\"2020-01-13T15:33:42+00:00\" \/>\n<meta name=\"twitter:card\" content=\"summary_large_image\" \/>\n<meta name=\"twitter:site\" content=\"@ChaletdelCarmen\" \/>\n<meta name=\"twitter:label1\" content=\"Gesch\u00e4tzte Lesezeit\" \/>\n\t<meta name=\"twitter:data1\" content=\"3\u00a0Minuten\" \/>\n<script type=\"application\/ld+json\" class=\"yoast-schema-graph\">{\"@context\":\"https:\/\/schema.org\",\"@graph\":[{\"@type\":\"WebPage\",\"@id\":\"https:\/\/www.chaletdelcarmen.com\/de\/was-ist-das-chalet\/\",\"url\":\"https:\/\/www.chaletdelcarmen.com\/de\/was-ist-das-chalet\/\",\"name\":\"Was ist das Chalet? - Chalet del Carmen Coyoac\u00e1n\",\"isPartOf\":{\"@id\":\"https:\/\/www.chaletdelcarmen.com\/#website\"},\"datePublished\":\"2018-10-16T22:43:52+00:00\",\"dateModified\":\"2020-01-13T15:33:42+00:00\",\"inLanguage\":\"de\",\"potentialAction\":[{\"@type\":\"ReadAction\",\"target\":[\"https:\/\/www.chaletdelcarmen.com\/de\/was-ist-das-chalet\/\"]}]},{\"@type\":\"WebSite\",\"@id\":\"https:\/\/www.chaletdelcarmen.com\/#website\",\"url\":\"https:\/\/www.chaletdelcarmen.com\/\",\"name\":\"Chalet del Carmen Coyoac\u00e1n\",\"description\":\"Vivienda Ecol\u00f3gica y Sustentable de Arrendamiento Urbano\u00ae\",\"potentialAction\":[{\"@type\":\"SearchAction\",\"target\":{\"@type\":\"EntryPoint\",\"urlTemplate\":\"https:\/\/www.chaletdelcarmen.com\/?s={search_term_string}\"},\"query-input\":\"required name=search_term_string\"}],\"inLanguage\":\"de\"}]}<\/script>\n<!-- \/ Yoast SEO plugin. -->","yoast_head_json":{"title":"Was ist das Chalet? - Chalet del Carmen Coyoac\u00e1n","robots":{"index":"index","follow":"follow","max-snippet":"max-snippet:-1","max-image-preview":"max-image-preview:large","max-video-preview":"max-video-preview:-1"},"canonical":"https:\/\/www.chaletdelcarmen.com\/de\/was-ist-das-chalet\/","og_locale":"de_DE","og_type":"article","og_title":"Was ist das Chalet? - Chalet del Carmen Coyoac\u00e1n","og_description":"[vc_row css_animation=&#8220;&#8220; row_type=&#8220;row&#8220; use_row_as_full_screen_section=&#8220;no&#8220; type=&#8220;full_width&#8220; angled_section=&#8220;no&#8220; text_align=&#8220;left&#8220; background_image_as_pattern=&#8220;without_pattern&#8220;][vc_column width=&#8220;2\/3&#8243;][vc_column_text] Chalet del Carmen Coyoac\u00e1n\u00ae [\/vc_column_text][vc_column_text] Registro en el Instituto Mexicano de la Propiedad Industrial (IMPI): 1856731 [\/vc_column_text][vc_empty_space][vc_column_text]Ist entstanden aus den gemeinsamen Ideen einer Schweizerin und eines Mexikaners aus Coyoacan. Als ausgezeichnete und begeisterte Gastgeber entschieden sich...","og_url":"https:\/\/www.chaletdelcarmen.com\/de\/was-ist-das-chalet\/","og_site_name":"Chalet del Carmen Coyoac\u00e1n","article_publisher":"https:\/\/www.facebook.com\/Chalet-de-Carmen-835266423225776\/","article_modified_time":"2020-01-13T15:33:42+00:00","twitter_card":"summary_large_image","twitter_site":"@ChaletdelCarmen","twitter_misc":{"Gesch\u00e4tzte Lesezeit":"3\u00a0Minuten"},"schema":{"@context":"https:\/\/schema.org","@graph":[{"@type":"WebPage","@id":"https:\/\/www.chaletdelcarmen.com\/de\/was-ist-das-chalet\/","url":"https:\/\/www.chaletdelcarmen.com\/de\/was-ist-das-chalet\/","name":"Was ist das Chalet? - Chalet del Carmen Coyoac\u00e1n","isPartOf":{"@id":"https:\/\/www.chaletdelcarmen.com\/#website"},"datePublished":"2018-10-16T22:43:52+00:00","dateModified":"2020-01-13T15:33:42+00:00","inLanguage":"de","potentialAction":[{"@type":"ReadAction","target":["https:\/\/www.chaletdelcarmen.com\/de\/was-ist-das-chalet\/"]}]},{"@type":"WebSite","@id":"https:\/\/www.chaletdelcarmen.com\/#website","url":"https:\/\/www.chaletdelcarmen.com\/","name":"Chalet del Carmen Coyoac\u00e1n","description":"Vivienda Ecol\u00f3gica y Sustentable de Arrendamiento Urbano\u00ae","potentialAction":[{"@type":"SearchAction","target":{"@type":"EntryPoint","urlTemplate":"https:\/\/www.chaletdelcarmen.com\/?s={search_term_string}"},"query-input":"required name=search_term_string"}],"inLanguage":"de"}]}},"_links":{"self":[{"href":"https:\/\/www.chaletdelcarmen.com\/de\/wp-json\/wp\/v2\/pages\/1203"}],"collection":[{"href":"https:\/\/www.chaletdelcarmen.com\/de\/wp-json\/wp\/v2\/pages"}],"about":[{"href":"https:\/\/www.chaletdelcarmen.com\/de\/wp-json\/wp\/v2\/types\/page"}],"author":[{"embeddable":true,"href":"https:\/\/www.chaletdelcarmen.com\/de\/wp-json\/wp\/v2\/users\/1"}],"replies":[{"embeddable":true,"href":"https:\/\/www.chaletdelcarmen.com\/de\/wp-json\/wp\/v2\/comments?post=1203"}],"version-history":[{"count":6,"href":"https:\/\/www.chaletdelcarmen.com\/de\/wp-json\/wp\/v2\/pages\/1203\/revisions"}],"predecessor-version":[{"id":1814,"href":"https:\/\/www.chaletdelcarmen.com\/de\/wp-json\/wp\/v2\/pages\/1203\/revisions\/1814"}],"wp:attachment":[{"href":"https:\/\/www.chaletdelcarmen.com\/de\/wp-json\/wp\/v2\/media?parent=1203"}],"curies":[{"name":"wp","href":"https:\/\/api.w.org\/{rel}","templated":true}]}}